{"id":10461,"date":"2024-02-15T15:50:40","date_gmt":"2024-02-15T14:50:40","guid":{"rendered":"https:\/\/rosasinmobiliarias.com\/condicions-generals\/"},"modified":"2024-02-15T15:50:40","modified_gmt":"2024-02-15T14:50:40","slug":"condicions-generals","status":"publish","type":"page","link":"https:\/\/rosasinmobiliarias.com\/ca\/condicions-generals\/","title":{"rendered":"Condicions Generals"},"content":{"rendered":"<div>\n<p><strong>CONDICIONS GENERALS <\/strong><\/p>\n<ul>\n<li style=\"list-style-type: none;\">\n<ul>\n<li>Entrades i sortides de dissabte a dissabte. Arribada a partir de les 17 h, sortida abans de les 10 h. (EXCEPTE TEMPORADA BAIXA, POSSIBILITAT ENTRADA QUALSEVOL DIA)<\/li>\n<li>Estada m\u00ednima 1 setmana. (excepte temporada baixa i setmana santa que es lloga per dies)<\/li>\n<li>Els preus NO inclouen llen\u00e7ols, tovalloles, draps cuina. (tret que ho especifiqui el contracte).<\/li>\n<\/ul>\n<\/li>\n<\/ul>\n<p>En el preu de lloguer est\u00e0 incl\u00f2s: aigua, gas i electricitat. Si \u00e9s necessari la calefacci\u00f3 es pagar\u00e0 a part.<\/p>\n<ul>\n<li>En el preu de lloguer est\u00e0 incl\u00f2s: aigua, gas i electricitat. Si \u00e9s necessari la calefacci\u00f3 es pagar\u00e0 a part.<\/li>\n<li>EN ALGUNS APARTAMENTS S&#8217;ACCEPTEN ANIMALS DOM\u00c8STICS (CONSULTI DISPONIBILITAT). PAGAMENT OBLIGATORI DE 30 \u20ac<\/li>\n<li>NOTA: L&#8217;apartament nom\u00e9s es pot ocupar pel m\u00e0xim de persones que s&#8217;indica en cada apartament.<\/li>\n<li>AL rebre el contracte s&#8217;abonar\u00e0 el 30% del lloguer, si en el termini de dues setmanes no rebem el seu dip\u00f2sit, la seva reserva queda cancel\u00b7lada. La resta a pagar s&#8217;abonar\u00e0 a l&#8217;arribada.<\/li>\n<li>El dia d&#8217;arribada es cobrar\u00e0 una fian\u00e7a obligat\u00f2ria, que ser\u00e0 retornada el dia de sortida.<\/li>\n<li>Consulti preus per estades de m\u00e9s d&#8217;una setmana.<\/li>\n<\/ul>\n<p><strong>ANUL\u00b7LACI\u00d3 DEL CONTRACTE PER PART DEL CLIENT<\/strong><br \/>\nDe produir-se anul\u00b7laci\u00f3 es cobrar\u00e0 el seg\u00fcent, en concepte de penalitzaci\u00f3:<\/p>\n<ul>\n<li>30 dies abans de la data d&#8217;entrada 30 \u20ac m\u00e9s despeses de transfer\u00e8ncia .<\/li>\n<li>Entre els 29 i 15 dies abans de la data d&#8217;entrada el 50 per cent del total a compte (m\u00ednim 30\u20ac m\u00e9s despeses)<\/li>\n<li>Menys de 7 dies abans, el 100 per cent del total a compte.<\/li>\n<\/ul>\n<p>No hi haur\u00e0 ABONAMENTS si el client desisteix dels serveis volunt\u00e0riament abans de completar la seva estada.<\/p>\n<p><strong>MODIFICACIONS PeR PART DE L&#8217; EMPRESA<\/strong><br \/>\nEn el cas que per causes imprevistes i no imputables a l&#8217;empresa, l&#8217;allotjament no pogu\u00e9s ser ocupat, l&#8217;empresa posar\u00e0 a la disposici\u00f3 del client altre allotjament d&#8217;igual o superiors caracter\u00edstiques sense reemborsament per cap de les parts.<\/p>\n<p><strong>INFORMACIONS<br \/>\n<\/strong><\/p>\n<ul>\n<li>La sortida ha de ser de 8 a 10 hores (sortides en altres horaris sota petici\u00f3 i garantia de targeta de cr\u00e8dit)<\/li>\n<li>L&#8217;entrada de 16 a 20 hores (entrades abans de les 16 hores possible segons disponibilitat de l&#8217;allotjament, entrades despr\u00e9s de les 20 hores)<\/li>\n<li>L&#8217;empresa no es responsabilitza dels objectes o valors deixats en l&#8217;allotjament.<\/li>\n<li>La neteja no est\u00e0 inclosa, pot contractar-la el dia de la seva arribada.<\/li>\n<li>Els llen\u00e7ols i tovalloles NO ESTAN INCLOSES<\/li>\n<\/ul>\n<p><strong>RESERVES<\/strong><br \/>\n<strong>Preus i forma de pagament:<\/strong><br \/>\nPot realitzar el pagament a compte mitjan\u00e7ant: Transfer\u00e8ncia banc\u00e0ria, gir postal o targeta de cr\u00e8dit.<\/p>\n<p>L&#8217; informem que aquest contracte no ser\u00e0 v\u00e0lid sense la confirmaci\u00f3 del pagament a compte que ha de rebre&#8217;s abans dels 14 dies des de la data d&#8217;aquesta carta, l&#8217;empresa es reserva el dret d&#8217;anul\u00b7lar aquesta petici\u00f3.<\/p>\n<p>Una vegada rebut el pagament li enviarem la confirmaci\u00f3 de pagament.<\/p>\n<p><strong>Fian\u00e7a:<\/strong><br \/>\nA pagar 200 \u20ac el dia de la seva arribada mitjan\u00e7ant efectiu o targeta de cr\u00e8dit recuperables el dia de la sortida.<\/p>\n<p><strong>Garanties:<\/strong><br \/>\n&#8211; Empresa autoritzada per la Generalitat de Catalunya EG 00331, Col\u00b7legiat API N\u00ba Nacional 19.327, N\u00ba Provincial 796 Provincia de Girona<\/p>\n<p>Registro de Agente Inmobiliario en Catalu\u00f1a &#8211; aicat 1683<br \/>\n&#8211; Central de reserves apartaments de Roses<br \/>\n&#8211; Oficines a Roses: Inmo Holiday Roses S .L Av. Gola de\u00b4l Estany n\u00ba41 17480 de Roses<\/p>\n<p><strong>PROTECCI\u00d3 DE DADES<\/strong><br \/>\nEn compliment de l&#8217;establert en la Llei Org\u00e0nica 15\/1999, de 13 de desembre, de Protecci\u00f3 de Dades de Car\u00e0cter Personal (&#8220;LPD&#8221;) li informem que mitjan\u00e7ant la cumplimentaci\u00f3 del proc\u00e9s de reserva, les seves dades personals quedaran incorporades en els fitxers de l&#8217;empresa, amb la finalitat de poder-li prestar i oferir els nostres serveis. Aix\u00ed mateix, li informem de la possibilitat que exerceixi els drets d&#8217;acc\u00e9s, rectificaci\u00f3, cancel\u00b7laci\u00f3 i oposici\u00f3 de les seves dades de car\u00e0cter personal, sent el responsable del fitxer la pr\u00f2pia empresa.<\/p>\n<\/div>\n","protected":false},"excerpt":{"rendered":"<p>CONDICIONS GENERALS Entrades i sortides de dissabte a dissabte. Arribada a partir de les 17 h, sortida abans de les [&hellip;]<\/p>\n","protected":false},"author":1,"featured_media":0,"parent":0,"menu_order":0,"comment_status":"closed","ping_status":"closed","template":"","meta":{"site-sidebar-layout":"default","site-content-layout":"","ast-site-content-layout":"default","site-content-style":"default","site-sidebar-style":"default","ast-global-header-display":"","ast-banner-title-visibility":"","ast-main-header-display":"","ast-hfb-above-header-display":"","ast-hfb-below-header-display":"","ast-hfb-mobile-header-display":"","site-post-title":"","ast-breadcrumbs-content":"","ast-featured-img":"","footer-sml-layout":"","ast-disable-related-posts":"","theme-transparent-header-meta":"","adv-header-id-meta":"6043","stick-header-meta":"","header-above-stick-meta":"","header-main-stick-meta":"","header-below-stick-meta":"","astra-migrate-meta-layouts":"set","ast-page-background-enabled":"default","ast-page-background-meta":{"desktop":{"background-color":"var(--ast-global-color-4)","background-image":"","background-repeat":"repeat","background-position":"center center","background-size":"auto","background-attachment":"scroll","background-type":"","background-media":"","overlay-type":"","overlay-color":"","overlay-opacity":"","overlay-gradient":""},"tablet":{"background-color":"","background-image":"","background-repeat":"repeat","background-position":"center center","background-size":"auto","background-attachment":"scroll","background-type":"","background-media":"","overlay-type":"","overlay-color":"","overlay-opacity":"","overlay-gradient":""},"mobile":{"background-color":"","background-image":"","background-repeat":"repeat","background-position":"center center","background-size":"auto","background-attachment":"scroll","background-type":"","background-media":"","overlay-type":"","overlay-color":"","overlay-opacity":"","overlay-gradient":""}},"ast-content-background-meta":{"desktop":{"background-color":"var(--ast-global-color-5)","background-image":"","background-repeat":"repeat","background-position":"center center","background-size":"auto","background-attachment":"scroll","background-type":"","background-media":"","overlay-type":"","overlay-color":"","overlay-opacity":"","overlay-gradient":""},"tablet":{"background-color":"var(--ast-global-color-5)","background-image":"","background-repeat":"repeat","background-position":"center center","background-size":"auto","background-attachment":"scroll","background-type":"","background-media":"","overlay-type":"","overlay-color":"","overlay-opacity":"","overlay-gradient":""},"mobile":{"background-color":"var(--ast-global-color-5)","background-image":"","background-repeat":"repeat","background-position":"center center","background-size":"auto","background-attachment":"scroll","background-type":"","background-media":"","overlay-type":"","overlay-color":"","overlay-opacity":"","overlay-gradient":""}},"footnotes":""},"class_list":["post-10461","page","type-page","status-publish","hentry"],"yoast_head":"<!-- This site is optimized with the Yoast SEO plugin v27.4 - https:\/\/yoast.com\/product\/yoast-seo-wordpress\/ -->\n<title>Condicions Generals - Rosas Inmobiliarias - Venta y alquiler de apartamentos y casas en Roses, Girona<\/title>\n<meta name=\"robots\" content=\"index, follow, max-snippet:-1, max-image-preview:large, max-video-preview:-1\" \/>\n<link rel=\"canonical\" href=\"https:\/\/rosasinmobiliarias.com\/ca\/condicions-generals\/\" \/>\n<meta property=\"og:locale\" content=\"ca_ES\" \/>\n<meta property=\"og:type\" content=\"article\" \/>\n<meta property=\"og:title\" content=\"Condicions Generals - Rosas Inmobiliarias - Venta y alquiler de apartamentos y casas en Roses, Girona\" \/>\n<meta property=\"og:description\" content=\"CONDICIONS GENERALS Entrades i sortides de dissabte a dissabte. Arribada a partir de les 17 h, sortida abans de les [&hellip;]\" \/>\n<meta property=\"og:url\" content=\"https:\/\/rosasinmobiliarias.com\/ca\/condicions-generals\/\" \/>\n<meta property=\"og:site_name\" content=\"Rosas Inmobiliarias - Venta y alquiler de apartamentos y casas en Roses, Girona\" \/>\n<meta name=\"twitter:card\" content=\"summary_large_image\" \/>\n<meta name=\"twitter:label1\" content=\"Temps estimat de lectura\" \/>\n\t<meta name=\"twitter:data1\" content=\"3 minuts\" \/>\n<script type=\"application\/ld+json\" class=\"yoast-schema-graph\">{\"@context\":\"https:\\\/\\\/schema.org\",\"@graph\":[{\"@type\":\"WebPage\",\"@id\":\"https:\\\/\\\/rosasinmobiliarias.com\\\/ca\\\/condicions-generals\\\/\",\"url\":\"https:\\\/\\\/rosasinmobiliarias.com\\\/ca\\\/condicions-generals\\\/\",\"name\":\"Condicions Generals - Rosas Inmobiliarias - Venta y alquiler de apartamentos y casas en Roses, Girona\",\"isPartOf\":{\"@id\":\"https:\\\/\\\/rosasinmobiliarias.com\\\/ca\\\/#website\"},\"datePublished\":\"2024-02-15T14:50:40+00:00\",\"breadcrumb\":{\"@id\":\"https:\\\/\\\/rosasinmobiliarias.com\\\/ca\\\/condicions-generals\\\/#breadcrumb\"},\"inLanguage\":\"ca\",\"potentialAction\":[{\"@type\":\"ReadAction\",\"target\":[\"https:\\\/\\\/rosasinmobiliarias.com\\\/ca\\\/condicions-generals\\\/\"]}]},{\"@type\":\"BreadcrumbList\",\"@id\":\"https:\\\/\\\/rosasinmobiliarias.com\\\/ca\\\/condicions-generals\\\/#breadcrumb\",\"itemListElement\":[{\"@type\":\"ListItem\",\"position\":1,\"name\":\"Portada\",\"item\":\"https:\\\/\\\/rosasinmobiliarias.com\\\/ca\\\/inici\\\/\"},{\"@type\":\"ListItem\",\"position\":2,\"name\":\"Condicions Generals\"}]},{\"@type\":\"WebSite\",\"@id\":\"https:\\\/\\\/rosasinmobiliarias.com\\\/ca\\\/#website\",\"url\":\"https:\\\/\\\/rosasinmobiliarias.com\\\/ca\\\/\",\"name\":\"Rosas Inmobiliarias - Venta y alquiler de apartamentos y casas en Roses, Girona\",\"description\":\"Agencia inmobiliaria especialistas en ventas y alquileres de temporada en Roses, Girona, Costa Brava.\",\"publisher\":{\"@id\":\"https:\\\/\\\/rosasinmobiliarias.com\\\/ca\\\/#organization\"},\"potentialAction\":[{\"@type\":\"SearchAction\",\"target\":{\"@type\":\"EntryPoint\",\"urlTemplate\":\"https:\\\/\\\/rosasinmobiliarias.com\\\/ca\\\/?s={search_term_string}\"},\"query-input\":{\"@type\":\"PropertyValueSpecification\",\"valueRequired\":true,\"valueName\":\"search_term_string\"}}],\"inLanguage\":\"ca\"},{\"@type\":\"Organization\",\"@id\":\"https:\\\/\\\/rosasinmobiliarias.com\\\/ca\\\/#organization\",\"name\":\"Inmo Holiday Roses Sl\",\"url\":\"https:\\\/\\\/rosasinmobiliarias.com\\\/ca\\\/\",\"logo\":{\"@type\":\"ImageObject\",\"inLanguage\":\"ca\",\"@id\":\"https:\\\/\\\/rosasinmobiliarias.com\\\/ca\\\/#\\\/schema\\\/logo\\\/image\\\/\",\"url\":\"https:\\\/\\\/rosasinmobiliarias.com\\\/wp-content\\\/uploads\\\/2024\\\/05\\\/logo.png\",\"contentUrl\":\"https:\\\/\\\/rosasinmobiliarias.com\\\/wp-content\\\/uploads\\\/2024\\\/05\\\/logo.png\",\"width\":400,\"height\":101,\"caption\":\"Inmo Holiday Roses Sl\"},\"image\":{\"@id\":\"https:\\\/\\\/rosasinmobiliarias.com\\\/ca\\\/#\\\/schema\\\/logo\\\/image\\\/\"}}]}<\/script>\n<!-- \/ Yoast SEO plugin. -->","yoast_head_json":{"title":"Condicions Generals - Rosas Inmobiliarias - Venta y alquiler de apartamentos y casas en Roses, Girona","robots":{"index":"index","follow":"follow","max-snippet":"max-snippet:-1","max-image-preview":"max-image-preview:large","max-video-preview":"max-video-preview:-1"},"canonical":"https:\/\/rosasinmobiliarias.com\/ca\/condicions-generals\/","og_locale":"ca_ES","og_type":"article","og_title":"Condicions Generals - Rosas Inmobiliarias - Venta y alquiler de apartamentos y casas en Roses, Girona","og_description":"CONDICIONS GENERALS Entrades i sortides de dissabte a dissabte. Arribada a partir de les 17 h, sortida abans de les [&hellip;]","og_url":"https:\/\/rosasinmobiliarias.com\/ca\/condicions-generals\/","og_site_name":"Rosas Inmobiliarias - Venta y alquiler de apartamentos y casas en Roses, Girona","twitter_card":"summary_large_image","twitter_misc":{"Temps estimat de lectura":"3 minuts"},"schema":{"@context":"https:\/\/schema.org","@graph":[{"@type":"WebPage","@id":"https:\/\/rosasinmobiliarias.com\/ca\/condicions-generals\/","url":"https:\/\/rosasinmobiliarias.com\/ca\/condicions-generals\/","name":"Condicions Generals - Rosas Inmobiliarias - Venta y alquiler de apartamentos y casas en Roses, Girona","isPartOf":{"@id":"https:\/\/rosasinmobiliarias.com\/ca\/#website"},"datePublished":"2024-02-15T14:50:40+00:00","breadcrumb":{"@id":"https:\/\/rosasinmobiliarias.com\/ca\/condicions-generals\/#breadcrumb"},"inLanguage":"ca","potentialAction":[{"@type":"ReadAction","target":["https:\/\/rosasinmobiliarias.com\/ca\/condicions-generals\/"]}]},{"@type":"BreadcrumbList","@id":"https:\/\/rosasinmobiliarias.com\/ca\/condicions-generals\/#breadcrumb","itemListElement":[{"@type":"ListItem","position":1,"name":"Portada","item":"https:\/\/rosasinmobiliarias.com\/ca\/inici\/"},{"@type":"ListItem","position":2,"name":"Condicions Generals"}]},{"@type":"WebSite","@id":"https:\/\/rosasinmobiliarias.com\/ca\/#website","url":"https:\/\/rosasinmobiliarias.com\/ca\/","name":"Rosas Inmobiliarias - Venta y alquiler de apartamentos y casas en Roses, Girona","description":"Agencia inmobiliaria especialistas en ventas y alquileres de temporada en Roses, Girona, Costa Brava.","publisher":{"@id":"https:\/\/rosasinmobiliarias.com\/ca\/#organization"},"potentialAction":[{"@type":"SearchAction","target":{"@type":"EntryPoint","urlTemplate":"https:\/\/rosasinmobiliarias.com\/ca\/?s={search_term_string}"},"query-input":{"@type":"PropertyValueSpecification","valueRequired":true,"valueName":"search_term_string"}}],"inLanguage":"ca"},{"@type":"Organization","@id":"https:\/\/rosasinmobiliarias.com\/ca\/#organization","name":"Inmo Holiday Roses Sl","url":"https:\/\/rosasinmobiliarias.com\/ca\/","logo":{"@type":"ImageObject","inLanguage":"ca","@id":"https:\/\/rosasinmobiliarias.com\/ca\/#\/schema\/logo\/image\/","url":"https:\/\/rosasinmobiliarias.com\/wp-content\/uploads\/2024\/05\/logo.png","contentUrl":"https:\/\/rosasinmobiliarias.com\/wp-content\/uploads\/2024\/05\/logo.png","width":400,"height":101,"caption":"Inmo Holiday Roses Sl"},"image":{"@id":"https:\/\/rosasinmobiliarias.com\/ca\/#\/schema\/logo\/image\/"}}]}},"_links":{"self":[{"href":"https:\/\/rosasinmobiliarias.com\/ca\/wp-json\/wp\/v2\/pages\/10461","targetHints":{"allow":["GET"]}}],"collection":[{"href":"https:\/\/rosasinmobiliarias.com\/ca\/wp-json\/wp\/v2\/pages"}],"about":[{"href":"https:\/\/rosasinmobiliarias.com\/ca\/wp-json\/wp\/v2\/types\/page"}],"author":[{"embeddable":true,"href":"https:\/\/rosasinmobiliarias.com\/ca\/wp-json\/wp\/v2\/users\/1"}],"replies":[{"embeddable":true,"href":"https:\/\/rosasinmobiliarias.com\/ca\/wp-json\/wp\/v2\/comments?post=10461"}],"version-history":[{"count":0,"href":"https:\/\/rosasinmobiliarias.com\/ca\/wp-json\/wp\/v2\/pages\/10461\/revisions"}],"wp:attachment":[{"href":"https:\/\/rosasinmobiliarias.com\/ca\/wp-json\/wp\/v2\/media?parent=10461"}],"curies":[{"name":"wp","href":"https:\/\/api.w.org\/{rel}","templated":true}]}}