{"id":1724,"date":"2024-02-15T11:58:11","date_gmt":"2024-02-15T10:58:11","guid":{"rendered":"https:\/\/rosasinmobiliarias.com\/sobre-nosaltres\/"},"modified":"2024-05-09T16:01:32","modified_gmt":"2024-05-09T14:01:32","slug":"sobre-nosaltres","status":"publish","type":"page","link":"https:\/\/rosasinmobiliarias.com\/ca\/sobre-nosaltres\/","title":{"rendered":"Ag\u00e8ncia Immobili\u00e0ria Roses"},"content":{"rendered":"\t\t<div data-elementor-type=\"wp-page\" data-elementor-id=\"1724\" class=\"elementor elementor-1724 elementor-67\" data-elementor-post-type=\"page\">\n\t\t\t\t<div class=\"elementor-element elementor-element-ab74a30 e-flex e-con-boxed e-con e-parent\" data-id=\"ab74a30\" data-element_type=\"container\" data-e-type=\"container\" data-settings=\"{&quot;background_background&quot;:&quot;classic&quot;}\">\n\t\t\t\t\t<div class=\"e-con-inner\">\n\t\t<div class=\"elementor-element elementor-element-9cd0071 e-con-full e-flex e-con e-child\" data-id=\"9cd0071\" data-element_type=\"container\" data-e-type=\"container\">\n\t\t\t\t<div class=\"elementor-element elementor-element-30bfc80 elementor-widget elementor-widget-heading\" data-id=\"30bfc80\" data-element_type=\"widget\" data-e-type=\"widget\" data-widget_type=\"heading.default\">\n\t\t\t\t<div class=\"elementor-widget-container\">\n\t\t\t\t\t<h2 class=\"elementor-heading-title elementor-size-default\">Sobre nosaltres - Inmo Holiday Roses<\/h2>\t\t\t\t<\/div>\n\t\t\t\t<\/div>\n\t\t\t\t<div class=\"elementor-element elementor-element-4aefdb5 elementor-widget elementor-widget-text-editor\" data-id=\"4aefdb5\" data-element_type=\"widget\" data-e-type=\"widget\" data-widget_type=\"text-editor.default\">\n\t\t\t\t<div class=\"elementor-widget-container\">\n\t\t\t\t\t\t\t\t\t<p>Inmo Holiday Roses S.L. &#8211; Ag\u00e8ncia Immobili\u00e0ria Roses, ens dediquem des de l&#8217;any 1985 a les <strong>transaccions immobili\u00e0ries<\/strong>. Estem especialitzats en <strong>lloguers<\/strong>, <strong>compres <\/strong> i <strong>vendes <\/strong> d&#8217;habitatges de temporada a Roses (Girona) i rodalies. Pertanyem a l&#8217;associaci\u00f3 d&#8217;Apartaments Tur\u00edstics ATA, Agents de la Propietat Immobili\u00e0ria API &#8211; 796 a la prov\u00edncia de <strong>Girona <\/strong> i Agent Immobiliari Homologat per la Generalitat de Catalunya <strong>AICAT <\/strong> 1683.<\/p>\n\t\t\t\t\t\t\t\t<\/div>\n\t\t\t\t<\/div>\n\t\t\t\t<div class=\"elementor-element elementor-element-51897d0 elementor-widget elementor-widget-image\" data-id=\"51897d0\" data-element_type=\"widget\" data-e-type=\"widget\" data-widget_type=\"image.default\">\n\t\t\t\t<div class=\"elementor-widget-container\">\n\t\t\t\t\t\t\t\t\t\t\t\t\t\t\t<img decoding=\"async\" src=\"https:\/\/rosasinmobiliarias.com\/wp-content\/uploads\/elementor\/thumbs\/aicat-rmnv9pnle6w912qq8tumxmfwnoh1ngx9l6ru57sui4.jpg\" title=\"aicat\" alt=\"Agencia Inmobiliaria Roses - Aicat 1683\" loading=\"lazy\" \/>\t\t\t\t\t\t\t\t\t\t\t\t\t\t\t<\/div>\n\t\t\t\t<\/div>\n\t\t\t\t<\/div>\n\t\t\t\t\t<\/div>\n\t\t\t\t<\/div>\n\t\t<div class=\"elementor-element elementor-element-89a8459 e-flex e-con-boxed e-con e-parent\" data-id=\"89a8459\" data-element_type=\"container\" data-e-type=\"container\">\n\t\t\t\t\t<div class=\"e-con-inner\">\n\t\t\t\t<div class=\"elementor-element elementor-element-979f0d9 elementor-widget elementor-widget-text-editor\" data-id=\"979f0d9\" data-element_type=\"widget\" data-e-type=\"widget\" data-widget_type=\"text-editor.default\">\n\t\t\t\t<div class=\"elementor-widget-container\">\n\t\t\t\t\t\t\t\t\t<p>La nostra ag\u00e8ncia compta amb un equip de professionals en el mercat immobiliari que treballa per donar el millor servei en transaccions immobili\u00e0ries: compra, <a href=\"https:\/\/rosasinmobiliarias.com\/ca\/venda\/\">venda<\/a>,  <a href=\"https:\/\/rosasinmobiliarias.com\/ca\/venda-2\/\">lloguer de vacances<\/a>ofertes i promocions, etc &#8230; en tota la zona de la Costa Brava, Alt Empord\u00e0, Girona. Tenim a la seva disposici\u00f3 una \u00e0mplia selecci\u00f3 apartaments i cases per poder gaudir d&#8217;unes agradables vacances.<\/p>\n<p>Els nostres serveis: <strong>Lloguer d&#8217;apartaments i cases per temporada<\/strong>, compra i venda d&#8217;apartaments, cases d&#8217;ocasi\u00f3 a Roses, lloguers de vacances a Roses, lloguer per mesos, quinzenes, setmanes i dies a la zona la Costa Brava, etc &#8230; amb una gran oferta de preus.<\/p>\n<p>Si vost\u00e8 \u00e9s propietari d&#8217;un habitatge a la Badia de Roses i vol llogar-la o vendre-la poseu-vos en <a href=\"https:\/\/rosasinmobiliarias.com\/ca\/contacte\/\">contacte <\/a> amb nosaltres.<\/p>\n\t\t\t\t\t\t\t\t<\/div>\n\t\t\t\t<\/div>\n\t\t\t\t\t<\/div>\n\t\t\t\t<\/div>\n\t\t<div class=\"elementor-element elementor-element-b0e0bd8 e-flex e-con-boxed e-con e-parent\" data-id=\"b0e0bd8\" data-element_type=\"container\" data-e-type=\"container\">\n\t\t\t\t\t<div class=\"e-con-inner\">\n\t\t\t\t<div class=\"elementor-element elementor-element-ae6e124 elementor-widget elementor-widget-text-editor\" data-id=\"ae6e124\" data-element_type=\"widget\" data-e-type=\"widget\" data-widget_type=\"text-editor.default\">\n\t\t\t\t<div class=\"elementor-widget-container\">\n\t\t\t\t\t\t\t\t\t<p><iframe width=\"100%\" height=\"680\" src=\"https:\/\/my.matterport.com\/show\/?m=S91HywkT6RX\" frameborder=\"0\" allowfullscreen=\"\" allow=\"xr-spatial-tracking\"><\/iframe><\/p>\n\t\t\t\t\t\t\t\t<\/div>\n\t\t\t\t<\/div>\n\t\t\t\t\t<\/div>\n\t\t\t\t<\/div>\n\t\t\t\t<\/div>\n\t\t","protected":false},"excerpt":{"rendered":"<p>Sobre nosaltres &#8211; Inmo Holiday Roses Inmo Holiday Roses S.L. &#8211; Ag\u00e8ncia Immobili\u00e0ria Roses, ens dediquem des de l&#8217;any 1985 [&hellip;]<\/p>\n","protected":false},"author":1,"featured_media":0,"parent":0,"menu_order":0,"comment_status":"closed","ping_status":"closed","template":"","meta":{"site-sidebar-layout":"default","site-content-layout":"","ast-site-content-layout":"full-width-container","site-content-style":"default","site-sidebar-style":"default","ast-global-header-display":"","ast-banner-title-visibility":"","ast-main-header-display":"","ast-hfb-above-header-display":"","ast-hfb-below-header-display":"","ast-hfb-mobile-header-display":"","site-post-title":"","ast-breadcrumbs-content":"","ast-featured-img":"disabled","footer-sml-layout":"","ast-disable-related-posts":"","theme-transparent-header-meta":"","adv-header-id-meta":"4568","stick-header-meta":"","header-above-stick-meta":"","header-main-stick-meta":"","header-below-stick-meta":"","astra-migrate-meta-layouts":"set","ast-page-background-enabled":"default","ast-page-background-meta":{"desktop":{"background-color":"var(--ast-global-color-4)","background-image":"","background-repeat":"repeat","background-position":"center center","background-size":"auto","background-attachment":"scroll","background-type":"","background-media":"","overlay-type":"","overlay-color":"","overlay-opacity":"","overlay-gradient":""},"tablet":{"background-color":"","background-image":"","background-repeat":"repeat","background-position":"center center","background-size":"auto","background-attachment":"scroll","background-type":"","background-media":"","overlay-type":"","overlay-color":"","overlay-opacity":"","overlay-gradient":""},"mobile":{"background-color":"","background-image":"","background-repeat":"repeat","background-position":"center center","background-size":"auto","background-attachment":"scroll","background-type":"","background-media":"","overlay-type":"","overlay-color":"","overlay-opacity":"","overlay-gradient":""}},"ast-content-background-meta":{"desktop":{"background-color":"var(--ast-global-color-5)","background-image":"","background-repeat":"repeat","background-position":"center center","background-size":"auto","background-attachment":"scroll","background-type":"","background-media":"","overlay-type":"","overlay-color":"","overlay-opacity":"","overlay-gradient":""},"tablet":{"background-color":"var(--ast-global-color-5)","background-image":"","background-repeat":"repeat","background-position":"center center","background-size":"auto","background-attachment":"scroll","background-type":"","background-media":"","overlay-type":"","overlay-color":"","overlay-opacity":"","overlay-gradient":""},"mobile":{"background-color":"var(--ast-global-color-5)","background-image":"","background-repeat":"repeat","background-position":"center center","background-size":"auto","background-attachment":"scroll","background-type":"","background-media":"","overlay-type":"","overlay-color":"","overlay-opacity":"","overlay-gradient":""}},"footnotes":""},"class_list":["post-1724","page","type-page","status-publish","hentry"],"yoast_head":"<!-- This site is optimized with the Yoast SEO plugin v27.4 - https:\/\/yoast.com\/product\/yoast-seo-wordpress\/ -->\n<title>Ag\u00e8ncia Immobili\u00e0ria Roses - Rosas Inmobiliarias - Venta y alquiler de apartamentos y casas en Roses, Girona<\/title>\n<meta name=\"description\" content=\"Ag\u00e8ncia Immobili\u00e0ria Roses, especialitzats en lloguers, compres i vendes d&#039;habitatges de temporada a Roses (Girona) i rodalies.\" \/>\n<meta name=\"robots\" content=\"index, follow, max-snippet:-1, max-image-preview:large, max-video-preview:-1\" \/>\n<link rel=\"canonical\" href=\"https:\/\/rosasinmobiliarias.com\/ca\/sobre-nosaltres\/\" \/>\n<meta property=\"og:locale\" content=\"ca_ES\" \/>\n<meta property=\"og:type\" content=\"article\" \/>\n<meta property=\"og:title\" content=\"Ag\u00e8ncia Immobili\u00e0ria Roses - Rosas Inmobiliarias - Venta y alquiler de apartamentos y casas en Roses, Girona\" \/>\n<meta property=\"og:description\" content=\"Ag\u00e8ncia Immobili\u00e0ria Roses, especialitzats en lloguers, compres i vendes d&#039;habitatges de temporada a Roses (Girona) i rodalies.\" \/>\n<meta property=\"og:url\" content=\"https:\/\/rosasinmobiliarias.com\/ca\/sobre-nosaltres\/\" \/>\n<meta property=\"og:site_name\" content=\"Rosas Inmobiliarias - Venta y alquiler de apartamentos y casas en Roses, Girona\" \/>\n<meta property=\"article:modified_time\" content=\"2024-05-09T14:01:32+00:00\" \/>\n<meta property=\"og:image\" content=\"https:\/\/rosasinmobiliarias.com\/wp-content\/uploads\/elementor\/thumbs\/aicat-qntbp7on5o41xci34kw57x7z1hxo5ea8oa7ztcvw4s.jpg\" \/>\n<meta name=\"twitter:card\" content=\"summary_large_image\" \/>\n<meta name=\"twitter:label1\" content=\"Temps estimat de lectura\" \/>\n\t<meta name=\"twitter:data1\" content=\"1 minut\" \/>\n<script type=\"application\/ld+json\" class=\"yoast-schema-graph\">{\"@context\":\"https:\\\/\\\/schema.org\",\"@graph\":[{\"@type\":\"WebPage\",\"@id\":\"https:\\\/\\\/rosasinmobiliarias.com\\\/ca\\\/sobre-nosaltres\\\/\",\"url\":\"https:\\\/\\\/rosasinmobiliarias.com\\\/ca\\\/sobre-nosaltres\\\/\",\"name\":\"Ag\u00e8ncia Immobili\u00e0ria Roses - Rosas Inmobiliarias - Venta y alquiler de apartamentos y casas en Roses, Girona\",\"isPartOf\":{\"@id\":\"https:\\\/\\\/rosasinmobiliarias.com\\\/ca\\\/#website\"},\"primaryImageOfPage\":{\"@id\":\"https:\\\/\\\/rosasinmobiliarias.com\\\/ca\\\/sobre-nosaltres\\\/#primaryimage\"},\"image\":{\"@id\":\"https:\\\/\\\/rosasinmobiliarias.com\\\/ca\\\/sobre-nosaltres\\\/#primaryimage\"},\"thumbnailUrl\":\"https:\\\/\\\/rosasinmobiliarias.com\\\/wp-content\\\/uploads\\\/elementor\\\/thumbs\\\/aicat-qntbp7on5o41xci34kw57x7z1hxo5ea8oa7ztcvw4s.jpg\",\"datePublished\":\"2024-02-15T10:58:11+00:00\",\"dateModified\":\"2024-05-09T14:01:32+00:00\",\"description\":\"Ag\u00e8ncia Immobili\u00e0ria Roses, especialitzats en lloguers, compres i vendes d'habitatges de temporada a Roses (Girona) i rodalies.\",\"breadcrumb\":{\"@id\":\"https:\\\/\\\/rosasinmobiliarias.com\\\/ca\\\/sobre-nosaltres\\\/#breadcrumb\"},\"inLanguage\":\"ca\",\"potentialAction\":[{\"@type\":\"ReadAction\",\"target\":[\"https:\\\/\\\/rosasinmobiliarias.com\\\/ca\\\/sobre-nosaltres\\\/\"]}]},{\"@type\":\"ImageObject\",\"inLanguage\":\"ca\",\"@id\":\"https:\\\/\\\/rosasinmobiliarias.com\\\/ca\\\/sobre-nosaltres\\\/#primaryimage\",\"url\":\"https:\\\/\\\/rosasinmobiliarias.com\\\/wp-content\\\/uploads\\\/elementor\\\/thumbs\\\/aicat-qntbp7on5o41xci34kw57x7z1hxo5ea8oa7ztcvw4s.jpg\",\"contentUrl\":\"https:\\\/\\\/rosasinmobiliarias.com\\\/wp-content\\\/uploads\\\/elementor\\\/thumbs\\\/aicat-qntbp7on5o41xci34kw57x7z1hxo5ea8oa7ztcvw4s.jpg\"},{\"@type\":\"BreadcrumbList\",\"@id\":\"https:\\\/\\\/rosasinmobiliarias.com\\\/ca\\\/sobre-nosaltres\\\/#breadcrumb\",\"itemListElement\":[{\"@type\":\"ListItem\",\"position\":1,\"name\":\"Portada\",\"item\":\"https:\\\/\\\/rosasinmobiliarias.com\\\/ca\\\/inici\\\/\"},{\"@type\":\"ListItem\",\"position\":2,\"name\":\"Ag\u00e8ncia Immobili\u00e0ria Roses\"}]},{\"@type\":\"WebSite\",\"@id\":\"https:\\\/\\\/rosasinmobiliarias.com\\\/ca\\\/#website\",\"url\":\"https:\\\/\\\/rosasinmobiliarias.com\\\/ca\\\/\",\"name\":\"Rosas Inmobiliarias - Venta y alquiler de apartamentos y casas en Roses, Girona\",\"description\":\"Agencia inmobiliaria especialistas en ventas y alquileres de temporada en Roses, Girona, Costa Brava.\",\"publisher\":{\"@id\":\"https:\\\/\\\/rosasinmobiliarias.com\\\/ca\\\/#organization\"},\"potentialAction\":[{\"@type\":\"SearchAction\",\"target\":{\"@type\":\"EntryPoint\",\"urlTemplate\":\"https:\\\/\\\/rosasinmobiliarias.com\\\/ca\\\/?s={search_term_string}\"},\"query-input\":{\"@type\":\"PropertyValueSpecification\",\"valueRequired\":true,\"valueName\":\"search_term_string\"}}],\"inLanguage\":\"ca\"},{\"@type\":\"Organization\",\"@id\":\"https:\\\/\\\/rosasinmobiliarias.com\\\/ca\\\/#organization\",\"name\":\"Inmo Holiday Roses Sl\",\"url\":\"https:\\\/\\\/rosasinmobiliarias.com\\\/ca\\\/\",\"logo\":{\"@type\":\"ImageObject\",\"inLanguage\":\"ca\",\"@id\":\"https:\\\/\\\/rosasinmobiliarias.com\\\/ca\\\/#\\\/schema\\\/logo\\\/image\\\/\",\"url\":\"https:\\\/\\\/rosasinmobiliarias.com\\\/wp-content\\\/uploads\\\/2024\\\/05\\\/logo.png\",\"contentUrl\":\"https:\\\/\\\/rosasinmobiliarias.com\\\/wp-content\\\/uploads\\\/2024\\\/05\\\/logo.png\",\"width\":400,\"height\":101,\"caption\":\"Inmo Holiday Roses Sl\"},\"image\":{\"@id\":\"https:\\\/\\\/rosasinmobiliarias.com\\\/ca\\\/#\\\/schema\\\/logo\\\/image\\\/\"}}]}<\/script>\n<!-- \/ Yoast SEO plugin. -->","yoast_head_json":{"title":"Ag\u00e8ncia Immobili\u00e0ria Roses - Rosas Inmobiliarias - Venta y alquiler de apartamentos y casas en Roses, Girona","description":"Ag\u00e8ncia Immobili\u00e0ria Roses, especialitzats en lloguers, compres i vendes d'habitatges de temporada a Roses (Girona) i rodalies.","robots":{"index":"index","follow":"follow","max-snippet":"max-snippet:-1","max-image-preview":"max-image-preview:large","max-video-preview":"max-video-preview:-1"},"canonical":"https:\/\/rosasinmobiliarias.com\/ca\/sobre-nosaltres\/","og_locale":"ca_ES","og_type":"article","og_title":"Ag\u00e8ncia Immobili\u00e0ria Roses - Rosas Inmobiliarias - Venta y alquiler de apartamentos y casas en Roses, Girona","og_description":"Ag\u00e8ncia Immobili\u00e0ria Roses, especialitzats en lloguers, compres i vendes d'habitatges de temporada a Roses (Girona) i rodalies.","og_url":"https:\/\/rosasinmobiliarias.com\/ca\/sobre-nosaltres\/","og_site_name":"Rosas Inmobiliarias - Venta y alquiler de apartamentos y casas en Roses, Girona","article_modified_time":"2024-05-09T14:01:32+00:00","og_image":[{"url":"https:\/\/rosasinmobiliarias.com\/wp-content\/uploads\/elementor\/thumbs\/aicat-qntbp7on5o41xci34kw57x7z1hxo5ea8oa7ztcvw4s.jpg","type":"","width":"","height":""}],"twitter_card":"summary_large_image","twitter_misc":{"Temps estimat de lectura":"1 minut"},"schema":{"@context":"https:\/\/schema.org","@graph":[{"@type":"WebPage","@id":"https:\/\/rosasinmobiliarias.com\/ca\/sobre-nosaltres\/","url":"https:\/\/rosasinmobiliarias.com\/ca\/sobre-nosaltres\/","name":"Ag\u00e8ncia Immobili\u00e0ria Roses - Rosas Inmobiliarias - Venta y alquiler de apartamentos y casas en Roses, Girona","isPartOf":{"@id":"https:\/\/rosasinmobiliarias.com\/ca\/#website"},"primaryImageOfPage":{"@id":"https:\/\/rosasinmobiliarias.com\/ca\/sobre-nosaltres\/#primaryimage"},"image":{"@id":"https:\/\/rosasinmobiliarias.com\/ca\/sobre-nosaltres\/#primaryimage"},"thumbnailUrl":"https:\/\/rosasinmobiliarias.com\/wp-content\/uploads\/elementor\/thumbs\/aicat-qntbp7on5o41xci34kw57x7z1hxo5ea8oa7ztcvw4s.jpg","datePublished":"2024-02-15T10:58:11+00:00","dateModified":"2024-05-09T14:01:32+00:00","description":"Ag\u00e8ncia Immobili\u00e0ria Roses, especialitzats en lloguers, compres i vendes d'habitatges de temporada a Roses (Girona) i rodalies.","breadcrumb":{"@id":"https:\/\/rosasinmobiliarias.com\/ca\/sobre-nosaltres\/#breadcrumb"},"inLanguage":"ca","potentialAction":[{"@type":"ReadAction","target":["https:\/\/rosasinmobiliarias.com\/ca\/sobre-nosaltres\/"]}]},{"@type":"ImageObject","inLanguage":"ca","@id":"https:\/\/rosasinmobiliarias.com\/ca\/sobre-nosaltres\/#primaryimage","url":"https:\/\/rosasinmobiliarias.com\/wp-content\/uploads\/elementor\/thumbs\/aicat-qntbp7on5o41xci34kw57x7z1hxo5ea8oa7ztcvw4s.jpg","contentUrl":"https:\/\/rosasinmobiliarias.com\/wp-content\/uploads\/elementor\/thumbs\/aicat-qntbp7on5o41xci34kw57x7z1hxo5ea8oa7ztcvw4s.jpg"},{"@type":"BreadcrumbList","@id":"https:\/\/rosasinmobiliarias.com\/ca\/sobre-nosaltres\/#breadcrumb","itemListElement":[{"@type":"ListItem","position":1,"name":"Portada","item":"https:\/\/rosasinmobiliarias.com\/ca\/inici\/"},{"@type":"ListItem","position":2,"name":"Ag\u00e8ncia Immobili\u00e0ria Roses"}]},{"@type":"WebSite","@id":"https:\/\/rosasinmobiliarias.com\/ca\/#website","url":"https:\/\/rosasinmobiliarias.com\/ca\/","name":"Rosas Inmobiliarias - Venta y alquiler de apartamentos y casas en Roses, Girona","description":"Agencia inmobiliaria especialistas en ventas y alquileres de temporada en Roses, Girona, Costa Brava.","publisher":{"@id":"https:\/\/rosasinmobiliarias.com\/ca\/#organization"},"potentialAction":[{"@type":"SearchAction","target":{"@type":"EntryPoint","urlTemplate":"https:\/\/rosasinmobiliarias.com\/ca\/?s={search_term_string}"},"query-input":{"@type":"PropertyValueSpecification","valueRequired":true,"valueName":"search_term_string"}}],"inLanguage":"ca"},{"@type":"Organization","@id":"https:\/\/rosasinmobiliarias.com\/ca\/#organization","name":"Inmo Holiday Roses Sl","url":"https:\/\/rosasinmobiliarias.com\/ca\/","logo":{"@type":"ImageObject","inLanguage":"ca","@id":"https:\/\/rosasinmobiliarias.com\/ca\/#\/schema\/logo\/image\/","url":"https:\/\/rosasinmobiliarias.com\/wp-content\/uploads\/2024\/05\/logo.png","contentUrl":"https:\/\/rosasinmobiliarias.com\/wp-content\/uploads\/2024\/05\/logo.png","width":400,"height":101,"caption":"Inmo Holiday Roses Sl"},"image":{"@id":"https:\/\/rosasinmobiliarias.com\/ca\/#\/schema\/logo\/image\/"}}]}},"_links":{"self":[{"href":"https:\/\/rosasinmobiliarias.com\/ca\/wp-json\/wp\/v2\/pages\/1724","targetHints":{"allow":["GET"]}}],"collection":[{"href":"https:\/\/rosasinmobiliarias.com\/ca\/wp-json\/wp\/v2\/pages"}],"about":[{"href":"https:\/\/rosasinmobiliarias.com\/ca\/wp-json\/wp\/v2\/types\/page"}],"author":[{"embeddable":true,"href":"https:\/\/rosasinmobiliarias.com\/ca\/wp-json\/wp\/v2\/users\/1"}],"replies":[{"embeddable":true,"href":"https:\/\/rosasinmobiliarias.com\/ca\/wp-json\/wp\/v2\/comments?post=1724"}],"version-history":[{"count":0,"href":"https:\/\/rosasinmobiliarias.com\/ca\/wp-json\/wp\/v2\/pages\/1724\/revisions"}],"wp:attachment":[{"href":"https:\/\/rosasinmobiliarias.com\/ca\/wp-json\/wp\/v2\/media?parent=1724"}],"curies":[{"name":"wp","href":"https:\/\/api.w.org\/{rel}","templated":true}]}}