{"id":11115,"date":"2024-02-15T11:58:11","date_gmt":"2024-02-15T10:58:11","guid":{"rendered":"https:\/\/rosasinmobiliarias.com\/roses-immobilienagentur\/"},"modified":"2024-05-27T13:44:53","modified_gmt":"2024-05-27T11:44:53","slug":"roses-immobilienagentur","status":"publish","type":"page","link":"https:\/\/rosasinmobiliarias.com\/de\/roses-immobilienagentur\/","title":{"rendered":"Roses Immobilienagentur"},"content":{"rendered":"\t\t<div data-elementor-type=\"wp-page\" data-elementor-id=\"11115\" class=\"elementor elementor-11115 elementor-67\" data-elementor-post-type=\"page\">\n\t\t\t\t<div class=\"elementor-element elementor-element-ab74a30 e-flex e-con-boxed e-con e-parent\" data-id=\"ab74a30\" data-element_type=\"container\" data-e-type=\"container\" data-settings=\"{&quot;background_background&quot;:&quot;classic&quot;}\">\n\t\t\t\t\t<div class=\"e-con-inner\">\n\t\t<div class=\"elementor-element elementor-element-9cd0071 e-con-full e-flex e-con e-child\" data-id=\"9cd0071\" data-element_type=\"container\" data-e-type=\"container\">\n\t\t\t\t<div class=\"elementor-element elementor-element-30bfc80 elementor-widget elementor-widget-heading\" data-id=\"30bfc80\" data-element_type=\"widget\" data-e-type=\"widget\" data-widget_type=\"heading.default\">\n\t\t\t\t<div class=\"elementor-widget-container\">\n\t\t\t\t\t<h2 class=\"elementor-heading-title elementor-size-default\">\u00dcber uns - Inmo Holiday Roses<\/h2>\t\t\t\t<\/div>\n\t\t\t\t<\/div>\n\t\t\t\t<div class=\"elementor-element elementor-element-4aefdb5 elementor-widget elementor-widget-text-editor\" data-id=\"4aefdb5\" data-element_type=\"widget\" data-e-type=\"widget\" data-widget_type=\"text-editor.default\">\n\t\t\t\t<div class=\"elementor-widget-container\">\n\t\t\t\t\t\t\t\t\t<p>Inmo Holiday Roses S.L. &#8211; Als Immobilienagentur Roses widmen wir uns seit 1985 <strong>Immobilientransaktionen<\/strong>. Wir sind auf die Vermietung, den <strong>Kauf <\/strong> und <strong>Verkauf <\/strong> von <strong>Saisonh\u00e4usern <\/strong> in Roses (Girona) und Umgebung spezialisiert. Wir sind dem touristischen Verband f\u00fcr Appartements \u2013 <strong>Costa Brava<\/strong> (ATA) angeschlossen und offizieller Immobilienvermittler (<strong>API<\/strong>) 796.<\/p>\n\t\t\t\t\t\t\t\t<\/div>\n\t\t\t\t<\/div>\n\t\t\t\t<div class=\"elementor-element elementor-element-51897d0 elementor-widget elementor-widget-image\" data-id=\"51897d0\" data-element_type=\"widget\" data-e-type=\"widget\" data-widget_type=\"image.default\">\n\t\t\t\t<div class=\"elementor-widget-container\">\n\t\t\t\t\t\t\t\t\t\t\t\t\t\t\t<img decoding=\"async\" src=\"https:\/\/rosasinmobiliarias.com\/wp-content\/uploads\/elementor\/thumbs\/aicat-rmnv9pnle6w912qq8tumxmfwnoh1ngx9l6ru57sui4.jpg\" title=\"aicat\" alt=\"Agencia Inmobiliaria Roses - Aicat 1683\" loading=\"lazy\" \/>\t\t\t\t\t\t\t\t\t\t\t\t\t\t\t<\/div>\n\t\t\t\t<\/div>\n\t\t\t\t<\/div>\n\t\t\t\t\t<\/div>\n\t\t\t\t<\/div>\n\t\t<div class=\"elementor-element elementor-element-89a8459 e-flex e-con-boxed e-con e-parent\" data-id=\"89a8459\" data-element_type=\"container\" data-e-type=\"container\">\n\t\t\t\t\t<div class=\"e-con-inner\">\n\t\t\t\t<div class=\"elementor-element elementor-element-979f0d9 elementor-widget elementor-widget-text-editor\" data-id=\"979f0d9\" data-element_type=\"widget\" data-e-type=\"widget\" data-widget_type=\"text-editor.default\">\n\t\t\t\t<div class=\"elementor-widget-container\">\n\t\t\t\t\t\t\t\t\t<p>Unsere Immobilienagentur Roses verf\u00fcgt \u00fcber ein Team von Fachleuten auf dem Immobilienmarkt, die daran arbeiten, den besten Service bei Immobilientransaktionen zu bieten: Kauf, <a href=\"https:\/\/rosasinmobiliarias.com\/venta-comprar-apartamentos-roses\/\">Verkauf<\/a>,  <a href=\"https:\/\/rosasinmobiliarias.com\/alquiler-de-vacaciones-en-la-costa-brava\/\">Ferienwohnung<\/a>, Angebote und Aktionen usw. im gesamten Gebiet der Costa Brava, Girona, Katalonien, Spanien. F\u00fcr einen angenehmen Urlaub steht Ihnen eine gro\u00dfe Auswahl an Wohnungen und H\u00e4usern zur Verf\u00fcgung.<\/p>\n<p>Unsere Dienstleistungen: <strong>Saisonale Vermietung von Wohnungen und H\u00e4usern<\/strong>, Kauf und Verkauf von Wohnungen, gebrauchten H\u00e4usern in Roses, Ferienwohnungen in Roses, Vermietungen f\u00fcr Monate, zwei Wochen, Wochen und Tage in der Region Costa Brava usw. mit einem tollen Angebot Angebotspreis.<\/p>\n<p>Wenn sie Eigent\u00fcmer eines Ferienhauses oder einer Ferienwohnung in Rosas und Umgebung sind, w\u00fcrden wir ihre Immobilie sehr gerne in unsere <a href=\"https:\/\/rosasinmobiliarias.com\/contacto-agencia-inmobiliaria-roses\/\">Vermietung <\/a> oder den Verkauf aufnehmen.<\/p>\n\t\t\t\t\t\t\t\t<\/div>\n\t\t\t\t<\/div>\n\t\t\t\t\t<\/div>\n\t\t\t\t<\/div>\n\t\t<div class=\"elementor-element elementor-element-b0e0bd8 e-flex e-con-boxed e-con e-parent\" data-id=\"b0e0bd8\" data-element_type=\"container\" data-e-type=\"container\">\n\t\t\t\t\t<div class=\"e-con-inner\">\n\t\t\t\t<div class=\"elementor-element elementor-element-ae6e124 elementor-widget elementor-widget-text-editor\" data-id=\"ae6e124\" data-element_type=\"widget\" data-e-type=\"widget\" data-widget_type=\"text-editor.default\">\n\t\t\t\t<div class=\"elementor-widget-container\">\n\t\t\t\t\t\t\t\t\t<p><iframe width=\"100%\" height=\"680\" src=\"https:\/\/my.matterport.com\/show\/?m=S91HywkT6RX\" frameborder=\"0\" allowfullscreen=\"\" allow=\"xr-spatial-tracking\"><\/iframe><\/p>\n\t\t\t\t\t\t\t\t<\/div>\n\t\t\t\t<\/div>\n\t\t\t\t\t<\/div>\n\t\t\t\t<\/div>\n\t\t\t\t<\/div>\n\t\t","protected":false},"excerpt":{"rendered":"<p>\u00dcber uns &#8211; Inmo Holiday Roses Inmo Holiday Roses S.L. &#8211; Als Immobilienagentur Roses widmen wir uns seit 1985 Immobilientransaktionen. [&hellip;]<\/p>\n","protected":false},"author":1,"featured_media":0,"parent":0,"menu_order":0,"comment_status":"closed","ping_status":"closed","template":"","meta":{"site-sidebar-layout":"default","site-content-layout":"","ast-site-content-layout":"full-width-container","site-content-style":"default","site-sidebar-style":"default","ast-global-header-display":"","ast-banner-title-visibility":"","ast-main-header-display":"","ast-hfb-above-header-display":"","ast-hfb-below-header-display":"","ast-hfb-mobile-header-display":"","site-post-title":"","ast-breadcrumbs-content":"","ast-featured-img":"disabled","footer-sml-layout":"","ast-disable-related-posts":"","theme-transparent-header-meta":"","adv-header-id-meta":"4568","stick-header-meta":"","header-above-stick-meta":"","header-main-stick-meta":"","header-below-stick-meta":"","astra-migrate-meta-layouts":"set","ast-page-background-enabled":"default","ast-page-background-meta":{"desktop":{"background-color":"var(--ast-global-color-4)","background-image":"","background-repeat":"repeat","background-position":"center center","background-size":"auto","background-attachment":"scroll","background-type":"","background-media":"","overlay-type":"","overlay-color":"","overlay-opacity":"","overlay-gradient":""},"tablet":{"background-color":"","background-image":"","background-repeat":"repeat","background-position":"center center","background-size":"auto","background-attachment":"scroll","background-type":"","background-media":"","overlay-type":"","overlay-color":"","overlay-opacity":"","overlay-gradient":""},"mobile":{"background-color":"","background-image":"","background-repeat":"repeat","background-position":"center center","background-size":"auto","background-attachment":"scroll","background-type":"","background-media":"","overlay-type":"","overlay-color":"","overlay-opacity":"","overlay-gradient":""}},"ast-content-background-meta":{"desktop":{"background-color":"var(--ast-global-color-5)","background-image":"","background-repeat":"repeat","background-position":"center center","background-size":"auto","background-attachment":"scroll","background-type":"","background-media":"","overlay-type":"","overlay-color":"","overlay-opacity":"","overlay-gradient":""},"tablet":{"background-color":"var(--ast-global-color-5)","background-image":"","background-repeat":"repeat","background-position":"center center","background-size":"auto","background-attachment":"scroll","background-type":"","background-media":"","overlay-type":"","overlay-color":"","overlay-opacity":"","overlay-gradient":""},"mobile":{"background-color":"var(--ast-global-color-5)","background-image":"","background-repeat":"repeat","background-position":"center center","background-size":"auto","background-attachment":"scroll","background-type":"","background-media":"","overlay-type":"","overlay-color":"","overlay-opacity":"","overlay-gradient":""}},"footnotes":""},"class_list":["post-11115","page","type-page","status-publish","hentry"],"yoast_head":"<!-- This site is optimized with the Yoast SEO plugin v27.4 - https:\/\/yoast.com\/product\/yoast-seo-wordpress\/ -->\n<title>Roses Immobilienagentur - Rosas Inmobiliarias - Venta y alquiler de apartamentos y casas en Roses, Girona<\/title>\n<meta name=\"description\" content=\"Immobilienagentur Roses, spezialisiert auf die Vermietung, den Kauf und Verkauf von Saisonh\u00e4usern in Roses (Girona) und Umgebung.\" \/>\n<meta name=\"robots\" content=\"index, follow, max-snippet:-1, max-image-preview:large, max-video-preview:-1\" \/>\n<link rel=\"canonical\" href=\"https:\/\/rosasinmobiliarias.com\/de\/roses-immobilienagentur\/\" \/>\n<meta property=\"og:locale\" content=\"de_DE\" \/>\n<meta property=\"og:type\" content=\"article\" \/>\n<meta property=\"og:title\" content=\"Roses Immobilienagentur - Rosas Inmobiliarias - Venta y alquiler de apartamentos y casas en Roses, Girona\" \/>\n<meta property=\"og:description\" content=\"Immobilienagentur Roses, spezialisiert auf die Vermietung, den Kauf und Verkauf von Saisonh\u00e4usern in Roses (Girona) und Umgebung.\" \/>\n<meta property=\"og:url\" content=\"https:\/\/rosasinmobiliarias.com\/de\/roses-immobilienagentur\/\" \/>\n<meta property=\"og:site_name\" content=\"Rosas Inmobiliarias - Venta y alquiler de apartamentos y casas en Roses, Girona\" \/>\n<meta property=\"article:modified_time\" content=\"2024-05-27T11:44:53+00:00\" \/>\n<meta property=\"og:image\" content=\"https:\/\/rosasinmobiliarias.com\/wp-content\/uploads\/elementor\/thumbs\/aicat-qntbp7on5o41xci34kw57x7z1hxo5ea8oa7ztcvw4s.jpg\" \/>\n<meta name=\"twitter:card\" content=\"summary_large_image\" \/>\n<meta name=\"twitter:label1\" content=\"Gesch\u00e4tzte Lesezeit\" \/>\n\t<meta name=\"twitter:data1\" content=\"1\u00a0Minute\" \/>\n<script type=\"application\/ld+json\" class=\"yoast-schema-graph\">{\"@context\":\"https:\\\/\\\/schema.org\",\"@graph\":[{\"@type\":\"WebPage\",\"@id\":\"https:\\\/\\\/rosasinmobiliarias.com\\\/de\\\/roses-immobilienagentur\\\/\",\"url\":\"https:\\\/\\\/rosasinmobiliarias.com\\\/de\\\/roses-immobilienagentur\\\/\",\"name\":\"Roses Immobilienagentur - Rosas Inmobiliarias - Venta y alquiler de apartamentos y casas en Roses, Girona\",\"isPartOf\":{\"@id\":\"https:\\\/\\\/rosasinmobiliarias.com\\\/de\\\/#website\"},\"primaryImageOfPage\":{\"@id\":\"https:\\\/\\\/rosasinmobiliarias.com\\\/de\\\/roses-immobilienagentur\\\/#primaryimage\"},\"image\":{\"@id\":\"https:\\\/\\\/rosasinmobiliarias.com\\\/de\\\/roses-immobilienagentur\\\/#primaryimage\"},\"thumbnailUrl\":\"https:\\\/\\\/rosasinmobiliarias.com\\\/wp-content\\\/uploads\\\/elementor\\\/thumbs\\\/aicat-qntbp7on5o41xci34kw57x7z1hxo5ea8oa7ztcvw4s.jpg\",\"datePublished\":\"2024-02-15T10:58:11+00:00\",\"dateModified\":\"2024-05-27T11:44:53+00:00\",\"description\":\"Immobilienagentur Roses, spezialisiert auf die Vermietung, den Kauf und Verkauf von Saisonh\u00e4usern in Roses (Girona) und Umgebung.\",\"breadcrumb\":{\"@id\":\"https:\\\/\\\/rosasinmobiliarias.com\\\/de\\\/roses-immobilienagentur\\\/#breadcrumb\"},\"inLanguage\":\"de\",\"potentialAction\":[{\"@type\":\"ReadAction\",\"target\":[\"https:\\\/\\\/rosasinmobiliarias.com\\\/de\\\/roses-immobilienagentur\\\/\"]}]},{\"@type\":\"ImageObject\",\"inLanguage\":\"de\",\"@id\":\"https:\\\/\\\/rosasinmobiliarias.com\\\/de\\\/roses-immobilienagentur\\\/#primaryimage\",\"url\":\"https:\\\/\\\/rosasinmobiliarias.com\\\/wp-content\\\/uploads\\\/elementor\\\/thumbs\\\/aicat-qntbp7on5o41xci34kw57x7z1hxo5ea8oa7ztcvw4s.jpg\",\"contentUrl\":\"https:\\\/\\\/rosasinmobiliarias.com\\\/wp-content\\\/uploads\\\/elementor\\\/thumbs\\\/aicat-qntbp7on5o41xci34kw57x7z1hxo5ea8oa7ztcvw4s.jpg\"},{\"@type\":\"BreadcrumbList\",\"@id\":\"https:\\\/\\\/rosasinmobiliarias.com\\\/de\\\/roses-immobilienagentur\\\/#breadcrumb\",\"itemListElement\":[{\"@type\":\"ListItem\",\"position\":1,\"name\":\"Portada\",\"item\":\"https:\\\/\\\/rosasinmobiliarias.com\\\/de\\\/\"},{\"@type\":\"ListItem\",\"position\":2,\"name\":\"Roses Immobilienagentur\"}]},{\"@type\":\"WebSite\",\"@id\":\"https:\\\/\\\/rosasinmobiliarias.com\\\/de\\\/#website\",\"url\":\"https:\\\/\\\/rosasinmobiliarias.com\\\/de\\\/\",\"name\":\"Rosas Inmobiliarias - Venta y alquiler de apartamentos y casas en Roses, Girona\",\"description\":\"Agencia inmobiliaria especialistas en ventas y alquileres de temporada en Roses, Girona, Costa Brava.\",\"publisher\":{\"@id\":\"https:\\\/\\\/rosasinmobiliarias.com\\\/de\\\/#organization\"},\"potentialAction\":[{\"@type\":\"SearchAction\",\"target\":{\"@type\":\"EntryPoint\",\"urlTemplate\":\"https:\\\/\\\/rosasinmobiliarias.com\\\/de\\\/?s={search_term_string}\"},\"query-input\":{\"@type\":\"PropertyValueSpecification\",\"valueRequired\":true,\"valueName\":\"search_term_string\"}}],\"inLanguage\":\"de\"},{\"@type\":\"Organization\",\"@id\":\"https:\\\/\\\/rosasinmobiliarias.com\\\/de\\\/#organization\",\"name\":\"Inmo Holiday Roses Sl\",\"url\":\"https:\\\/\\\/rosasinmobiliarias.com\\\/de\\\/\",\"logo\":{\"@type\":\"ImageObject\",\"inLanguage\":\"de\",\"@id\":\"https:\\\/\\\/rosasinmobiliarias.com\\\/de\\\/#\\\/schema\\\/logo\\\/image\\\/\",\"url\":\"https:\\\/\\\/rosasinmobiliarias.com\\\/wp-content\\\/uploads\\\/2024\\\/05\\\/logo.png\",\"contentUrl\":\"https:\\\/\\\/rosasinmobiliarias.com\\\/wp-content\\\/uploads\\\/2024\\\/05\\\/logo.png\",\"width\":400,\"height\":101,\"caption\":\"Inmo Holiday Roses Sl\"},\"image\":{\"@id\":\"https:\\\/\\\/rosasinmobiliarias.com\\\/de\\\/#\\\/schema\\\/logo\\\/image\\\/\"}}]}<\/script>\n<!-- \/ Yoast SEO plugin. -->","yoast_head_json":{"title":"Roses Immobilienagentur - Rosas Inmobiliarias - Venta y alquiler de apartamentos y casas en Roses, Girona","description":"Immobilienagentur Roses, spezialisiert auf die Vermietung, den Kauf und Verkauf von Saisonh\u00e4usern in Roses (Girona) und Umgebung.","robots":{"index":"index","follow":"follow","max-snippet":"max-snippet:-1","max-image-preview":"max-image-preview:large","max-video-preview":"max-video-preview:-1"},"canonical":"https:\/\/rosasinmobiliarias.com\/de\/roses-immobilienagentur\/","og_locale":"de_DE","og_type":"article","og_title":"Roses Immobilienagentur - Rosas Inmobiliarias - Venta y alquiler de apartamentos y casas en Roses, Girona","og_description":"Immobilienagentur Roses, spezialisiert auf die Vermietung, den Kauf und Verkauf von Saisonh\u00e4usern in Roses (Girona) und Umgebung.","og_url":"https:\/\/rosasinmobiliarias.com\/de\/roses-immobilienagentur\/","og_site_name":"Rosas Inmobiliarias - Venta y alquiler de apartamentos y casas en Roses, Girona","article_modified_time":"2024-05-27T11:44:53+00:00","og_image":[{"url":"https:\/\/rosasinmobiliarias.com\/wp-content\/uploads\/elementor\/thumbs\/aicat-qntbp7on5o41xci34kw57x7z1hxo5ea8oa7ztcvw4s.jpg","type":"","width":"","height":""}],"twitter_card":"summary_large_image","twitter_misc":{"Gesch\u00e4tzte Lesezeit":"1\u00a0Minute"},"schema":{"@context":"https:\/\/schema.org","@graph":[{"@type":"WebPage","@id":"https:\/\/rosasinmobiliarias.com\/de\/roses-immobilienagentur\/","url":"https:\/\/rosasinmobiliarias.com\/de\/roses-immobilienagentur\/","name":"Roses Immobilienagentur - Rosas Inmobiliarias - Venta y alquiler de apartamentos y casas en Roses, Girona","isPartOf":{"@id":"https:\/\/rosasinmobiliarias.com\/de\/#website"},"primaryImageOfPage":{"@id":"https:\/\/rosasinmobiliarias.com\/de\/roses-immobilienagentur\/#primaryimage"},"image":{"@id":"https:\/\/rosasinmobiliarias.com\/de\/roses-immobilienagentur\/#primaryimage"},"thumbnailUrl":"https:\/\/rosasinmobiliarias.com\/wp-content\/uploads\/elementor\/thumbs\/aicat-qntbp7on5o41xci34kw57x7z1hxo5ea8oa7ztcvw4s.jpg","datePublished":"2024-02-15T10:58:11+00:00","dateModified":"2024-05-27T11:44:53+00:00","description":"Immobilienagentur Roses, spezialisiert auf die Vermietung, den Kauf und Verkauf von Saisonh\u00e4usern in Roses (Girona) und Umgebung.","breadcrumb":{"@id":"https:\/\/rosasinmobiliarias.com\/de\/roses-immobilienagentur\/#breadcrumb"},"inLanguage":"de","potentialAction":[{"@type":"ReadAction","target":["https:\/\/rosasinmobiliarias.com\/de\/roses-immobilienagentur\/"]}]},{"@type":"ImageObject","inLanguage":"de","@id":"https:\/\/rosasinmobiliarias.com\/de\/roses-immobilienagentur\/#primaryimage","url":"https:\/\/rosasinmobiliarias.com\/wp-content\/uploads\/elementor\/thumbs\/aicat-qntbp7on5o41xci34kw57x7z1hxo5ea8oa7ztcvw4s.jpg","contentUrl":"https:\/\/rosasinmobiliarias.com\/wp-content\/uploads\/elementor\/thumbs\/aicat-qntbp7on5o41xci34kw57x7z1hxo5ea8oa7ztcvw4s.jpg"},{"@type":"BreadcrumbList","@id":"https:\/\/rosasinmobiliarias.com\/de\/roses-immobilienagentur\/#breadcrumb","itemListElement":[{"@type":"ListItem","position":1,"name":"Portada","item":"https:\/\/rosasinmobiliarias.com\/de\/"},{"@type":"ListItem","position":2,"name":"Roses Immobilienagentur"}]},{"@type":"WebSite","@id":"https:\/\/rosasinmobiliarias.com\/de\/#website","url":"https:\/\/rosasinmobiliarias.com\/de\/","name":"Rosas Inmobiliarias - Venta y alquiler de apartamentos y casas en Roses, Girona","description":"Agencia inmobiliaria especialistas en ventas y alquileres de temporada en Roses, Girona, Costa Brava.","publisher":{"@id":"https:\/\/rosasinmobiliarias.com\/de\/#organization"},"potentialAction":[{"@type":"SearchAction","target":{"@type":"EntryPoint","urlTemplate":"https:\/\/rosasinmobiliarias.com\/de\/?s={search_term_string}"},"query-input":{"@type":"PropertyValueSpecification","valueRequired":true,"valueName":"search_term_string"}}],"inLanguage":"de"},{"@type":"Organization","@id":"https:\/\/rosasinmobiliarias.com\/de\/#organization","name":"Inmo Holiday Roses Sl","url":"https:\/\/rosasinmobiliarias.com\/de\/","logo":{"@type":"ImageObject","inLanguage":"de","@id":"https:\/\/rosasinmobiliarias.com\/de\/#\/schema\/logo\/image\/","url":"https:\/\/rosasinmobiliarias.com\/wp-content\/uploads\/2024\/05\/logo.png","contentUrl":"https:\/\/rosasinmobiliarias.com\/wp-content\/uploads\/2024\/05\/logo.png","width":400,"height":101,"caption":"Inmo Holiday Roses Sl"},"image":{"@id":"https:\/\/rosasinmobiliarias.com\/de\/#\/schema\/logo\/image\/"}}]}},"_links":{"self":[{"href":"https:\/\/rosasinmobiliarias.com\/de\/wp-json\/wp\/v2\/pages\/11115","targetHints":{"allow":["GET"]}}],"collection":[{"href":"https:\/\/rosasinmobiliarias.com\/de\/wp-json\/wp\/v2\/pages"}],"about":[{"href":"https:\/\/rosasinmobiliarias.com\/de\/wp-json\/wp\/v2\/types\/page"}],"author":[{"embeddable":true,"href":"https:\/\/rosasinmobiliarias.com\/de\/wp-json\/wp\/v2\/users\/1"}],"replies":[{"embeddable":true,"href":"https:\/\/rosasinmobiliarias.com\/de\/wp-json\/wp\/v2\/comments?post=11115"}],"version-history":[{"count":0,"href":"https:\/\/rosasinmobiliarias.com\/de\/wp-json\/wp\/v2\/pages\/11115\/revisions"}],"wp:attachment":[{"href":"https:\/\/rosasinmobiliarias.com\/de\/wp-json\/wp\/v2\/media?parent=11115"}],"curies":[{"name":"wp","href":"https:\/\/api.w.org\/{rel}","templated":true}]}}