{"id":11126,"date":"2024-02-15T15:50:40","date_gmt":"2024-02-15T14:50:40","guid":{"rendered":"https:\/\/rosasinmobiliarias.com\/allgemeine-bedingungen\/"},"modified":"2024-02-15T15:50:40","modified_gmt":"2024-02-15T14:50:40","slug":"allgemeine-bedingungen","status":"publish","type":"page","link":"https:\/\/rosasinmobiliarias.com\/de\/allgemeine-bedingungen\/","title":{"rendered":"Allgemeine Bedingungen"},"content":{"rendered":"<div>\n<p><strong>CONDICIONES GENERALES <\/strong><\/p>\n<ul>\n<li style=\"list-style-type: none;\">\n<ul>\n<li>Entradas y salidas de s\u00e1bado a s\u00e1bado. Llegada a partir de las 17 h, salida antes de las 10 h. (EXCEPTO TEMPORADA BAJA, POSIBILIDAD ENTRADA CUALQUIER D\u00cdA)<\/li>\n<li>Estancia m\u00ednima 1 semana. (excepto temporada baja y semana santa que se alquila por d\u00edas)<\/li>\n<li>Los precios NO incluyen s\u00e1banas, toallas, trapos cocina. (salvo que lo especifique el contrato)<\/li>\n<\/ul>\n<\/li>\n<\/ul>\n<p>En el precio de alquiler est\u00e1 incluido: agua, gas y electricidad. Si es necesario la calefacci\u00f3n se pagar\u00e1 aparte.<\/p>\n<ul>\n<li>En el precio de alquiler est\u00e1 incluido: agua, gas y electricidad. Si es necesario la calefacci\u00f3n se pagar\u00e1 aparte.<\/li>\n<li>EN ALGUNOS APARTAMENTOS Se ACEPTAN ANIMALES DOM\u00c9STICOS (CONSULTE DISPONIBILIDAD). PAGO OBLIGATORIO DE 30 \u20ac<\/li>\n<li>NOTA: El apartamento s\u00f3lo se puede ocupar por el m\u00e1ximo de personas que se indica en cada apartamento.<\/li>\n<li>AL recibir el contrato se abonar\u00e1 el 30% del alquiler, si en el plazo de dos semanas no recibimos su dep\u00f3sito, su reserva queda cancelada. El resto a pagar se abonar\u00e1 a la llegada.<\/li>\n<li>El d\u00eda de llegada se cobrar\u00e1 una fianza obligatoria, que ser\u00e1 devuelta el d\u00eda de salida.<\/li>\n<li>Consulte precios por estancias de m\u00e1s de una semana.<\/li>\n<\/ul>\n<p><strong>ANULACI\u00d3N DEL CONTRATO POR PARTE DEL CLIENTE<\/strong><br \/>\nDe producirse anulaci\u00f3n se cobrar\u00e1 el siguiente, en concepto de penalizaci\u00f3n:<\/p>\n<ul>\n<li>30 d\u00edas antes de la fecha de entrada 30 \u20ac m\u00e1s gastos de transferencia.<\/li>\n<li>Entre los 29 y 15 d\u00edas antes de la fecha de entrada el 50 por ciento del total por anticipado (m\u00ednimo 30\u20ac m\u00e1s gastos)<\/li>\n<li>Menos de 7 d\u00edas antes, el 100 por ciento del total por anticipado.<\/li>\n<\/ul>\n<p>No habr\u00e1 ABONOS si el cliente desiste de los servicios voluntariamente antes de completar su estancia.<\/p>\n<p><strong>MODIFICACIONES POR PARTE DE LA EMPRESA<\/strong><br \/>\nEn el supuesto de que por causas imprevistas y no imputables a la empresa, el alojamiento no pudiera ser ocupado, la empresa pondr\u00e1 a disposici\u00f3n del cliente otro alojamiento de igual o superiores caracter\u00edsticas sin reembolso por cabeza de las partes.<\/p>\n<p><strong>INFORMACIONES<br \/>\n<\/strong><\/p>\n<ul>\n<li>La salida debe ser de 8 a 10 horas (salidas en otros horarios bajo petici\u00f3n y garant\u00eda de tarjeta de cr\u00e9dito)<\/li>\n<li>La entrada de 16 a 20 horas (entradas antes de las 16 horas posible seg\u00fan disponibilidad del alojamiento, entradas tras las 20 horas<\/li>\n<li>La empresa no se responsabiliza de los objetos o valores dejados en el alojamiento.<\/li>\n<li>La limpieza no est\u00e0 incluida puede contratarla el d\u00eda de su llegada.<\/li>\n<li>Las s\u00e1banas y toallas NO EST\u00c1N INCLUIDAS<\/li>\n<\/ul>\n<p><strong>RESERVAS<\/strong><br \/>\n<strong>Precios y forma de pago:<\/strong><br \/>\nPuede realizar el pago a cuenta mediante: Transferencia bancaria a, giro postal o tarjeta de cr\u00e9dito.<\/p>\n<p>Le informamos que este contrato no ser\u00e1 valido sin la confirmaci\u00f3n del pago a cuenta que debe recibirse antes de los 14 d\u00edas desde la fecha de esta carta, la empresa se reserva el derecho de anular esta petici\u00f3n.<\/p>\n<p>Una vez recibido el pago le enviaremos la confirmaci\u00f3n de pago<\/p>\n<p><strong>Fianza:<\/strong><br \/>\nA pagar 200 \u20ac el d\u00eda de su llegada mediante efectivo o tarjeta de cr\u00e9dito recuperables el d\u00eda de la salida<\/p>\n<p><strong>Garant\u00edas:<\/strong><br \/>\n-Empresa autorizada por la Generalitat de Catalunya EG 00331 ,Colegiado API N\u00ba 19.327 Nacional , N\u00ba 796 Provincia de Girona<\/p>\n<p>Registro de Agente Inmobiliario en Catalu\u00f1a &#8211; aicat 1683<br \/>\n-Central de reservas apartamentos de Roses<br \/>\n-Oficinas en Roses: Inmo Holiday Roses S.L AV. Gola de l&#8217;Estany n\u00ba41 17480 de Roses<\/p>\n<p><strong>PROTECCI\u00d3N DE DATOS<\/strong><br \/>\nEn cumplimiento de lo establecido en la Ley Org\u00e1nica 15\/1999, de 13 de diciembre, de Protecci\u00f3n de Datos de Car\u00e1cter Personal (&#8222;LPD&#8220;) le informamos de que mediante la cumplimentaci\u00f3n del proceso de reserva, sus datos personales quedar\u00e1n incorporados en los ficheros de la empresa, con el fin de poderle prestar y ofrecer nuestros servicios. Asimismo, le informamos de la posibilidad de que ejerza los derechos de acceso, rectificaci\u00f3n, cancelaci\u00f3n y oposici\u00f3n de sus datos de car\u00e1cter personal, siendo el responsable del fichero la propia empresa.<\/p>\n<\/div>\n","protected":false},"excerpt":{"rendered":"<p>CONDICIONES GENERALES Entradas y salidas de s\u00e1bado a s\u00e1bado. Llegada a partir de las 17 h, salida antes de las [&hellip;]<\/p>\n","protected":false},"author":1,"featured_media":0,"parent":0,"menu_order":0,"comment_status":"closed","ping_status":"closed","template":"","meta":{"site-sidebar-layout":"default","site-content-layout":"","ast-site-content-layout":"default","site-content-style":"default","site-sidebar-style":"default","ast-global-header-display":"","ast-banner-title-visibility":"","ast-main-header-display":"","ast-hfb-above-header-display":"","ast-hfb-below-header-display":"","ast-hfb-mobile-header-display":"","site-post-title":"","ast-breadcrumbs-content":"","ast-featured-img":"","footer-sml-layout":"","ast-disable-related-posts":"","theme-transparent-header-meta":"","adv-header-id-meta":"6043","stick-header-meta":"","header-above-stick-meta":"","header-main-stick-meta":"","header-below-stick-meta":"","astra-migrate-meta-layouts":"set","ast-page-background-enabled":"default","ast-page-background-meta":{"desktop":{"background-color":"var(--ast-global-color-4)","background-image":"","background-repeat":"repeat","background-position":"center center","background-size":"auto","background-attachment":"scroll","background-type":"","background-media":"","overlay-type":"","overlay-color":"","overlay-opacity":"","overlay-gradient":""},"tablet":{"background-color":"","background-image":"","background-repeat":"repeat","background-position":"center center","background-size":"auto","background-attachment":"scroll","background-type":"","background-media":"","overlay-type":"","overlay-color":"","overlay-opacity":"","overlay-gradient":""},"mobile":{"background-color":"","background-image":"","background-repeat":"repeat","background-position":"center center","background-size":"auto","background-attachment":"scroll","background-type":"","background-media":"","overlay-type":"","overlay-color":"","overlay-opacity":"","overlay-gradient":""}},"ast-content-background-meta":{"desktop":{"background-color":"var(--ast-global-color-5)","background-image":"","background-repeat":"repeat","background-position":"center center","background-size":"auto","background-attachment":"scroll","background-type":"","background-media":"","overlay-type":"","overlay-color":"","overlay-opacity":"","overlay-gradient":""},"tablet":{"background-color":"var(--ast-global-color-5)","background-image":"","background-repeat":"repeat","background-position":"center center","background-size":"auto","background-attachment":"scroll","background-type":"","background-media":"","overlay-type":"","overlay-color":"","overlay-opacity":"","overlay-gradient":""},"mobile":{"background-color":"var(--ast-global-color-5)","background-image":"","background-repeat":"repeat","background-position":"center center","background-size":"auto","background-attachment":"scroll","background-type":"","background-media":"","overlay-type":"","overlay-color":"","overlay-opacity":"","overlay-gradient":""}},"footnotes":""},"class_list":["post-11126","page","type-page","status-publish","hentry"],"yoast_head":"<!-- This site is optimized with the Yoast SEO plugin v27.4 - https:\/\/yoast.com\/product\/yoast-seo-wordpress\/ -->\n<title>Allgemeine Bedingungen - Rosas Inmobiliarias - Venta y alquiler de apartamentos y casas en Roses, Girona<\/title>\n<meta name=\"robots\" content=\"index, follow, max-snippet:-1, max-image-preview:large, max-video-preview:-1\" \/>\n<link rel=\"canonical\" href=\"https:\/\/rosasinmobiliarias.com\/de\/allgemeine-bedingungen\/\" \/>\n<meta property=\"og:locale\" content=\"de_DE\" \/>\n<meta property=\"og:type\" content=\"article\" \/>\n<meta property=\"og:title\" content=\"Allgemeine Bedingungen - Rosas Inmobiliarias - Venta y alquiler de apartamentos y casas en Roses, Girona\" \/>\n<meta property=\"og:description\" content=\"CONDICIONES GENERALES Entradas y salidas de s\u00e1bado a s\u00e1bado. Llegada a partir de las 17 h, salida antes de las [&hellip;]\" \/>\n<meta property=\"og:url\" content=\"https:\/\/rosasinmobiliarias.com\/de\/allgemeine-bedingungen\/\" \/>\n<meta property=\"og:site_name\" content=\"Rosas Inmobiliarias - Venta y alquiler de apartamentos y casas en Roses, Girona\" \/>\n<meta name=\"twitter:card\" content=\"summary_large_image\" \/>\n<meta name=\"twitter:label1\" content=\"Gesch\u00e4tzte Lesezeit\" \/>\n\t<meta name=\"twitter:data1\" content=\"3\u00a0Minuten\" \/>\n<script type=\"application\/ld+json\" class=\"yoast-schema-graph\">{\"@context\":\"https:\\\/\\\/schema.org\",\"@graph\":[{\"@type\":\"WebPage\",\"@id\":\"https:\\\/\\\/rosasinmobiliarias.com\\\/de\\\/allgemeine-bedingungen\\\/\",\"url\":\"https:\\\/\\\/rosasinmobiliarias.com\\\/de\\\/allgemeine-bedingungen\\\/\",\"name\":\"Allgemeine Bedingungen - Rosas Inmobiliarias - Venta y alquiler de apartamentos y casas en Roses, Girona\",\"isPartOf\":{\"@id\":\"https:\\\/\\\/rosasinmobiliarias.com\\\/de\\\/#website\"},\"datePublished\":\"2024-02-15T14:50:40+00:00\",\"breadcrumb\":{\"@id\":\"https:\\\/\\\/rosasinmobiliarias.com\\\/de\\\/allgemeine-bedingungen\\\/#breadcrumb\"},\"inLanguage\":\"de\",\"potentialAction\":[{\"@type\":\"ReadAction\",\"target\":[\"https:\\\/\\\/rosasinmobiliarias.com\\\/de\\\/allgemeine-bedingungen\\\/\"]}]},{\"@type\":\"BreadcrumbList\",\"@id\":\"https:\\\/\\\/rosasinmobiliarias.com\\\/de\\\/allgemeine-bedingungen\\\/#breadcrumb\",\"itemListElement\":[{\"@type\":\"ListItem\",\"position\":1,\"name\":\"Portada\",\"item\":\"https:\\\/\\\/rosasinmobiliarias.com\\\/de\\\/\"},{\"@type\":\"ListItem\",\"position\":2,\"name\":\"Allgemeine Bedingungen\"}]},{\"@type\":\"WebSite\",\"@id\":\"https:\\\/\\\/rosasinmobiliarias.com\\\/de\\\/#website\",\"url\":\"https:\\\/\\\/rosasinmobiliarias.com\\\/de\\\/\",\"name\":\"Rosas Inmobiliarias - Venta y alquiler de apartamentos y casas en Roses, Girona\",\"description\":\"Agencia inmobiliaria especialistas en ventas y alquileres de temporada en Roses, Girona, Costa Brava.\",\"publisher\":{\"@id\":\"https:\\\/\\\/rosasinmobiliarias.com\\\/de\\\/#organization\"},\"potentialAction\":[{\"@type\":\"SearchAction\",\"target\":{\"@type\":\"EntryPoint\",\"urlTemplate\":\"https:\\\/\\\/rosasinmobiliarias.com\\\/de\\\/?s={search_term_string}\"},\"query-input\":{\"@type\":\"PropertyValueSpecification\",\"valueRequired\":true,\"valueName\":\"search_term_string\"}}],\"inLanguage\":\"de\"},{\"@type\":\"Organization\",\"@id\":\"https:\\\/\\\/rosasinmobiliarias.com\\\/de\\\/#organization\",\"name\":\"Inmo Holiday Roses Sl\",\"url\":\"https:\\\/\\\/rosasinmobiliarias.com\\\/de\\\/\",\"logo\":{\"@type\":\"ImageObject\",\"inLanguage\":\"de\",\"@id\":\"https:\\\/\\\/rosasinmobiliarias.com\\\/de\\\/#\\\/schema\\\/logo\\\/image\\\/\",\"url\":\"https:\\\/\\\/rosasinmobiliarias.com\\\/wp-content\\\/uploads\\\/2024\\\/05\\\/logo.png\",\"contentUrl\":\"https:\\\/\\\/rosasinmobiliarias.com\\\/wp-content\\\/uploads\\\/2024\\\/05\\\/logo.png\",\"width\":400,\"height\":101,\"caption\":\"Inmo Holiday Roses Sl\"},\"image\":{\"@id\":\"https:\\\/\\\/rosasinmobiliarias.com\\\/de\\\/#\\\/schema\\\/logo\\\/image\\\/\"}}]}<\/script>\n<!-- \/ Yoast SEO plugin. -->","yoast_head_json":{"title":"Allgemeine Bedingungen - Rosas Inmobiliarias - Venta y alquiler de apartamentos y casas en Roses, Girona","robots":{"index":"index","follow":"follow","max-snippet":"max-snippet:-1","max-image-preview":"max-image-preview:large","max-video-preview":"max-video-preview:-1"},"canonical":"https:\/\/rosasinmobiliarias.com\/de\/allgemeine-bedingungen\/","og_locale":"de_DE","og_type":"article","og_title":"Allgemeine Bedingungen - Rosas Inmobiliarias - Venta y alquiler de apartamentos y casas en Roses, Girona","og_description":"CONDICIONES GENERALES Entradas y salidas de s\u00e1bado a s\u00e1bado. Llegada a partir de las 17 h, salida antes de las [&hellip;]","og_url":"https:\/\/rosasinmobiliarias.com\/de\/allgemeine-bedingungen\/","og_site_name":"Rosas Inmobiliarias - Venta y alquiler de apartamentos y casas en Roses, Girona","twitter_card":"summary_large_image","twitter_misc":{"Gesch\u00e4tzte Lesezeit":"3\u00a0Minuten"},"schema":{"@context":"https:\/\/schema.org","@graph":[{"@type":"WebPage","@id":"https:\/\/rosasinmobiliarias.com\/de\/allgemeine-bedingungen\/","url":"https:\/\/rosasinmobiliarias.com\/de\/allgemeine-bedingungen\/","name":"Allgemeine Bedingungen - Rosas Inmobiliarias - Venta y alquiler de apartamentos y casas en Roses, Girona","isPartOf":{"@id":"https:\/\/rosasinmobiliarias.com\/de\/#website"},"datePublished":"2024-02-15T14:50:40+00:00","breadcrumb":{"@id":"https:\/\/rosasinmobiliarias.com\/de\/allgemeine-bedingungen\/#breadcrumb"},"inLanguage":"de","potentialAction":[{"@type":"ReadAction","target":["https:\/\/rosasinmobiliarias.com\/de\/allgemeine-bedingungen\/"]}]},{"@type":"BreadcrumbList","@id":"https:\/\/rosasinmobiliarias.com\/de\/allgemeine-bedingungen\/#breadcrumb","itemListElement":[{"@type":"ListItem","position":1,"name":"Portada","item":"https:\/\/rosasinmobiliarias.com\/de\/"},{"@type":"ListItem","position":2,"name":"Allgemeine Bedingungen"}]},{"@type":"WebSite","@id":"https:\/\/rosasinmobiliarias.com\/de\/#website","url":"https:\/\/rosasinmobiliarias.com\/de\/","name":"Rosas Inmobiliarias - Venta y alquiler de apartamentos y casas en Roses, Girona","description":"Agencia inmobiliaria especialistas en ventas y alquileres de temporada en Roses, Girona, Costa Brava.","publisher":{"@id":"https:\/\/rosasinmobiliarias.com\/de\/#organization"},"potentialAction":[{"@type":"SearchAction","target":{"@type":"EntryPoint","urlTemplate":"https:\/\/rosasinmobiliarias.com\/de\/?s={search_term_string}"},"query-input":{"@type":"PropertyValueSpecification","valueRequired":true,"valueName":"search_term_string"}}],"inLanguage":"de"},{"@type":"Organization","@id":"https:\/\/rosasinmobiliarias.com\/de\/#organization","name":"Inmo Holiday Roses Sl","url":"https:\/\/rosasinmobiliarias.com\/de\/","logo":{"@type":"ImageObject","inLanguage":"de","@id":"https:\/\/rosasinmobiliarias.com\/de\/#\/schema\/logo\/image\/","url":"https:\/\/rosasinmobiliarias.com\/wp-content\/uploads\/2024\/05\/logo.png","contentUrl":"https:\/\/rosasinmobiliarias.com\/wp-content\/uploads\/2024\/05\/logo.png","width":400,"height":101,"caption":"Inmo Holiday Roses Sl"},"image":{"@id":"https:\/\/rosasinmobiliarias.com\/de\/#\/schema\/logo\/image\/"}}]}},"_links":{"self":[{"href":"https:\/\/rosasinmobiliarias.com\/de\/wp-json\/wp\/v2\/pages\/11126","targetHints":{"allow":["GET"]}}],"collection":[{"href":"https:\/\/rosasinmobiliarias.com\/de\/wp-json\/wp\/v2\/pages"}],"about":[{"href":"https:\/\/rosasinmobiliarias.com\/de\/wp-json\/wp\/v2\/types\/page"}],"author":[{"embeddable":true,"href":"https:\/\/rosasinmobiliarias.com\/de\/wp-json\/wp\/v2\/users\/1"}],"replies":[{"embeddable":true,"href":"https:\/\/rosasinmobiliarias.com\/de\/wp-json\/wp\/v2\/comments?post=11126"}],"version-history":[{"count":0,"href":"https:\/\/rosasinmobiliarias.com\/de\/wp-json\/wp\/v2\/pages\/11126\/revisions"}],"wp:attachment":[{"href":"https:\/\/rosasinmobiliarias.com\/de\/wp-json\/wp\/v2\/media?parent=11126"}],"curies":[{"name":"wp","href":"https:\/\/api.w.org\/{rel}","templated":true}]}}