{"id":10231,"date":"2024-02-16T12:51:01","date_gmt":"2024-02-16T11:51:01","guid":{"rendered":"https:\/\/rosasinmobiliarias.com\/politique-de-confidentialite\/"},"modified":"2024-05-07T16:04:04","modified_gmt":"2024-05-07T14:04:04","slug":"politique-de-confidentialite","status":"publish","type":"page","link":"https:\/\/rosasinmobiliarias.com\/fr\/politique-de-confidentialite\/","title":{"rendered":"Politique de confidentialit\u00e9"},"content":{"rendered":"<p>Inmo Holiday Roses, S.L., a trav\u00e9s de su web &lsquo;<a title=\"www.rosasinmobiliarias.com\" href=\"http:\/\/www.rosasinmobiliarias.com\" target=\"_blank\" rel=\"noopener\">www.rosasinmobiliarias.com<\/a>&lsquo;, solicita al usuario ciertos datos de car\u00e1cter personal. Los datos suministrados quedar\u00e1n incorporados a un fichero automatizado de car\u00e1cter personal, y titularidad de Inmo Holiday Roses, S.L., que ser\u00e1 procesado con el fin de prestarle los servicios que \u00e9l solicite.<br \/>\nEl Usuario autoriza el tratamiento automatizado de los datos personales suministrados y necesarios para la prestaci\u00f3n de los servicios pactados.<\/p>\n<p>La informaci\u00f3n personal recabada de los clientes registrados se almacenar\u00e1 en una base de datos propiedad de Inmo Holiday Roses, S.L. , que asume las medidas de \u00edndole t\u00e9cnica, organizativa y de seguridad que garanticen la confidencialidad e integridad de la informaci\u00f3n, de acuerdo con lo establecido en la Ley Org\u00e1nica 15\/1999, de 13 de diciembre, de Protecci\u00f3n de Datos de Car\u00e1cter Personal, y dem\u00e1s legislaci\u00f3n aplicable.<\/p>\n<p>Inmo Holiday Roses, S.L., a trav\u00e9s de su web, utilizar\u00e1 los datos suministrados por el usuario de manera interna para darle a conocer ofertas y promociones que pudiera considerar de su inter\u00e9s.<\/p>\n<p>El usuario acepta que sus datos personales sean cedidos a otras empresas del grupo al que pertenece Inmo Holiday Roses, S.L, as\u00ed como a otras con las que pueda concluir acuerdos de colaboraci\u00f3n, con la finalidad de prestar un mejor servicio, y respetando, siempre y en cada caso, la legislaci\u00f3n espa\u00f1ola sobre la protecci\u00f3n de los datos de car\u00e1cter personal.<\/p>\n<p>Inmo Holiday Roses S.L., a trav\u00e9s de su web, utilizar\u00e1 cookies cuando el usuario que navegue por la web cite xxxxx.<br \/>\nLas cookies se asocian \u00fanicamente con el usuario an\u00f3nimo y su ordenador, y no proporcionaran nunca referencias que permitan deducir su nombre y apellidos.<br \/>\nGracias a las cookies, que reconocen a los usuarios, no har\u00e1 falta que \u00e9stos se registren cada vez que quieran acceder a la \u00e1reas y servicios que les s\u00f3n exclusivament reservados.<br \/>\nEl usuario tiene la opci\u00f3n de impedir la generaci\u00f3n de cookies, mediante la selecci\u00f3n de la correspondiente opci\u00f3n de su programa navegador.<\/p>\n<p>Todos los usuarios registrados pueden, siempre que quieran y en cualquier momento, ejercer el derecho a acceder, rectificar o, en su caso, cancelar los datos de car\u00e1cter personal suministrados a la web <a title=\"www.rosasinmobiliarias.com\" href=\"http:\/\/www.rosasinmobiliarias.com\" target=\"_blank\" rel=\"noopener\">www.rosasinmobiliarias.com<\/a>, mediante una comunicaci\u00f3n escrita dirigida a Inmo Holiday Roses, S.L., Avda Gola de l&rsquo;Estany, 47, 17480 Roses, Girona (Espa\u00f1a), o el env\u00edo de un correo electr\u00f3nico a la direcci\u00f3n: <a href=\"mailto:info@rosasinmobiliarias.com\">info@rosasinmobiliarias.com<\/a>.<\/p>\n","protected":false},"excerpt":{"rendered":"<p>Inmo Holiday Roses, S.L., a trav\u00e9s de su web &lsquo;www.rosasinmobiliarias.com&lsquo;, solicita al usuario ciertos datos de car\u00e1cter personal. Los datos [&hellip;]<\/p>\n","protected":false},"author":1,"featured_media":0,"parent":0,"menu_order":0,"comment_status":"closed","ping_status":"closed","template":"","meta":{"site-sidebar-layout":"default","site-content-layout":"","ast-site-content-layout":"default","site-content-style":"default","site-sidebar-style":"default","ast-global-header-display":"","ast-banner-title-visibility":"","ast-main-header-display":"","ast-hfb-above-header-display":"","ast-hfb-below-header-display":"","ast-hfb-mobile-header-display":"","site-post-title":"","ast-breadcrumbs-content":"","ast-featured-img":"","footer-sml-layout":"","ast-disable-related-posts":"","theme-transparent-header-meta":"","adv-header-id-meta":"6043","stick-header-meta":"","header-above-stick-meta":"","header-main-stick-meta":"","header-below-stick-meta":"","astra-migrate-meta-layouts":"set","ast-page-background-enabled":"default","ast-page-background-meta":{"desktop":{"background-color":"var(--ast-global-color-4)","background-image":"","background-repeat":"repeat","background-position":"center center","background-size":"auto","background-attachment":"scroll","background-type":"","background-media":"","overlay-type":"","overlay-color":"","overlay-opacity":"","overlay-gradient":""},"tablet":{"background-color":"","background-image":"","background-repeat":"repeat","background-position":"center center","background-size":"auto","background-attachment":"scroll","background-type":"","background-media":"","overlay-type":"","overlay-color":"","overlay-opacity":"","overlay-gradient":""},"mobile":{"background-color":"","background-image":"","background-repeat":"repeat","background-position":"center center","background-size":"auto","background-attachment":"scroll","background-type":"","background-media":"","overlay-type":"","overlay-color":"","overlay-opacity":"","overlay-gradient":""}},"ast-content-background-meta":{"desktop":{"background-color":"var(--ast-global-color-5)","background-image":"","background-repeat":"repeat","background-position":"center center","background-size":"auto","background-attachment":"scroll","background-type":"","background-media":"","overlay-type":"","overlay-color":"","overlay-opacity":"","overlay-gradient":""},"tablet":{"background-color":"var(--ast-global-color-5)","background-image":"","background-repeat":"repeat","background-position":"center center","background-size":"auto","background-attachment":"scroll","background-type":"","background-media":"","overlay-type":"","overlay-color":"","overlay-opacity":"","overlay-gradient":""},"mobile":{"background-color":"var(--ast-global-color-5)","background-image":"","background-repeat":"repeat","background-position":"center center","background-size":"auto","background-attachment":"scroll","background-type":"","background-media":"","overlay-type":"","overlay-color":"","overlay-opacity":"","overlay-gradient":""}},"footnotes":""},"class_list":["post-10231","page","type-page","status-publish","hentry"],"yoast_head":"<!-- This site is optimized with the Yoast SEO plugin v27.4 - https:\/\/yoast.com\/product\/yoast-seo-wordpress\/ -->\n<title>Politique de confidentialit\u00e9 - Rosas Inmobiliarias - Venta y alquiler de apartamentos y casas en Roses, Girona<\/title>\n<meta name=\"robots\" content=\"index, follow, max-snippet:-1, max-image-preview:large, max-video-preview:-1\" \/>\n<link rel=\"canonical\" href=\"https:\/\/rosasinmobiliarias.com\/fr\/politique-de-confidentialite\/\" \/>\n<meta property=\"og:locale\" content=\"fr_FR\" \/>\n<meta property=\"og:type\" content=\"article\" \/>\n<meta property=\"og:title\" content=\"Politique de confidentialit\u00e9 - Rosas Inmobiliarias - Venta y alquiler de apartamentos y casas en Roses, Girona\" \/>\n<meta property=\"og:description\" content=\"Inmo Holiday Roses, S.L., a trav\u00e9s de su web &lsquo;www.rosasinmobiliarias.com&lsquo;, solicita al usuario ciertos datos de car\u00e1cter personal. Los datos [&hellip;]\" \/>\n<meta property=\"og:url\" content=\"https:\/\/rosasinmobiliarias.com\/fr\/politique-de-confidentialite\/\" \/>\n<meta property=\"og:site_name\" content=\"Rosas Inmobiliarias - Venta y alquiler de apartamentos y casas en Roses, Girona\" \/>\n<meta property=\"article:modified_time\" content=\"2024-05-07T14:04:04+00:00\" \/>\n<meta name=\"twitter:card\" content=\"summary_large_image\" \/>\n<meta name=\"twitter:label1\" content=\"Dur\u00e9e de lecture estim\u00e9e\" \/>\n\t<meta name=\"twitter:data1\" content=\"2 minutes\" \/>\n<script type=\"application\/ld+json\" class=\"yoast-schema-graph\">{\"@context\":\"https:\\\/\\\/schema.org\",\"@graph\":[{\"@type\":\"WebPage\",\"@id\":\"https:\\\/\\\/rosasinmobiliarias.com\\\/fr\\\/politique-de-confidentialite\\\/\",\"url\":\"https:\\\/\\\/rosasinmobiliarias.com\\\/fr\\\/politique-de-confidentialite\\\/\",\"name\":\"Politique de confidentialit\u00e9 - Rosas Inmobiliarias - Venta y alquiler de apartamentos y casas en Roses, Girona\",\"isPartOf\":{\"@id\":\"https:\\\/\\\/rosasinmobiliarias.com\\\/fr\\\/#website\"},\"datePublished\":\"2024-02-16T11:51:01+00:00\",\"dateModified\":\"2024-05-07T14:04:04+00:00\",\"breadcrumb\":{\"@id\":\"https:\\\/\\\/rosasinmobiliarias.com\\\/fr\\\/politique-de-confidentialite\\\/#breadcrumb\"},\"inLanguage\":\"fr-FR\",\"potentialAction\":[{\"@type\":\"ReadAction\",\"target\":[\"https:\\\/\\\/rosasinmobiliarias.com\\\/fr\\\/politique-de-confidentialite\\\/\"]}]},{\"@type\":\"BreadcrumbList\",\"@id\":\"https:\\\/\\\/rosasinmobiliarias.com\\\/fr\\\/politique-de-confidentialite\\\/#breadcrumb\",\"itemListElement\":[{\"@type\":\"ListItem\",\"position\":1,\"name\":\"Portada\",\"item\":\"https:\\\/\\\/rosasinmobiliarias.com\\\/fr\\\/accueil\\\/\"},{\"@type\":\"ListItem\",\"position\":2,\"name\":\"Politique de confidentialit\u00e9\"}]},{\"@type\":\"WebSite\",\"@id\":\"https:\\\/\\\/rosasinmobiliarias.com\\\/fr\\\/#website\",\"url\":\"https:\\\/\\\/rosasinmobiliarias.com\\\/fr\\\/\",\"name\":\"Rosas Inmobiliarias - Venta y alquiler de apartamentos y casas en Roses, Girona\",\"description\":\"Agencia inmobiliaria especialistas en ventas y alquileres de temporada en Roses, Girona, Costa Brava.\",\"publisher\":{\"@id\":\"https:\\\/\\\/rosasinmobiliarias.com\\\/fr\\\/#organization\"},\"potentialAction\":[{\"@type\":\"SearchAction\",\"target\":{\"@type\":\"EntryPoint\",\"urlTemplate\":\"https:\\\/\\\/rosasinmobiliarias.com\\\/fr\\\/?s={search_term_string}\"},\"query-input\":{\"@type\":\"PropertyValueSpecification\",\"valueRequired\":true,\"valueName\":\"search_term_string\"}}],\"inLanguage\":\"fr-FR\"},{\"@type\":\"Organization\",\"@id\":\"https:\\\/\\\/rosasinmobiliarias.com\\\/fr\\\/#organization\",\"name\":\"Inmo Holiday Roses Sl\",\"url\":\"https:\\\/\\\/rosasinmobiliarias.com\\\/fr\\\/\",\"logo\":{\"@type\":\"ImageObject\",\"inLanguage\":\"fr-FR\",\"@id\":\"https:\\\/\\\/rosasinmobiliarias.com\\\/fr\\\/#\\\/schema\\\/logo\\\/image\\\/\",\"url\":\"https:\\\/\\\/rosasinmobiliarias.com\\\/wp-content\\\/uploads\\\/2024\\\/05\\\/logo.png\",\"contentUrl\":\"https:\\\/\\\/rosasinmobiliarias.com\\\/wp-content\\\/uploads\\\/2024\\\/05\\\/logo.png\",\"width\":400,\"height\":101,\"caption\":\"Inmo Holiday Roses Sl\"},\"image\":{\"@id\":\"https:\\\/\\\/rosasinmobiliarias.com\\\/fr\\\/#\\\/schema\\\/logo\\\/image\\\/\"}}]}<\/script>\n<!-- \/ Yoast SEO plugin. -->","yoast_head_json":{"title":"Politique de confidentialit\u00e9 - Rosas Inmobiliarias - Venta y alquiler de apartamentos y casas en Roses, Girona","robots":{"index":"index","follow":"follow","max-snippet":"max-snippet:-1","max-image-preview":"max-image-preview:large","max-video-preview":"max-video-preview:-1"},"canonical":"https:\/\/rosasinmobiliarias.com\/fr\/politique-de-confidentialite\/","og_locale":"fr_FR","og_type":"article","og_title":"Politique de confidentialit\u00e9 - Rosas Inmobiliarias - Venta y alquiler de apartamentos y casas en Roses, Girona","og_description":"Inmo Holiday Roses, S.L., a trav\u00e9s de su web &lsquo;www.rosasinmobiliarias.com&lsquo;, solicita al usuario ciertos datos de car\u00e1cter personal. Los datos [&hellip;]","og_url":"https:\/\/rosasinmobiliarias.com\/fr\/politique-de-confidentialite\/","og_site_name":"Rosas Inmobiliarias - Venta y alquiler de apartamentos y casas en Roses, Girona","article_modified_time":"2024-05-07T14:04:04+00:00","twitter_card":"summary_large_image","twitter_misc":{"Dur\u00e9e de lecture estim\u00e9e":"2 minutes"},"schema":{"@context":"https:\/\/schema.org","@graph":[{"@type":"WebPage","@id":"https:\/\/rosasinmobiliarias.com\/fr\/politique-de-confidentialite\/","url":"https:\/\/rosasinmobiliarias.com\/fr\/politique-de-confidentialite\/","name":"Politique de confidentialit\u00e9 - Rosas Inmobiliarias - Venta y alquiler de apartamentos y casas en Roses, Girona","isPartOf":{"@id":"https:\/\/rosasinmobiliarias.com\/fr\/#website"},"datePublished":"2024-02-16T11:51:01+00:00","dateModified":"2024-05-07T14:04:04+00:00","breadcrumb":{"@id":"https:\/\/rosasinmobiliarias.com\/fr\/politique-de-confidentialite\/#breadcrumb"},"inLanguage":"fr-FR","potentialAction":[{"@type":"ReadAction","target":["https:\/\/rosasinmobiliarias.com\/fr\/politique-de-confidentialite\/"]}]},{"@type":"BreadcrumbList","@id":"https:\/\/rosasinmobiliarias.com\/fr\/politique-de-confidentialite\/#breadcrumb","itemListElement":[{"@type":"ListItem","position":1,"name":"Portada","item":"https:\/\/rosasinmobiliarias.com\/fr\/accueil\/"},{"@type":"ListItem","position":2,"name":"Politique de confidentialit\u00e9"}]},{"@type":"WebSite","@id":"https:\/\/rosasinmobiliarias.com\/fr\/#website","url":"https:\/\/rosasinmobiliarias.com\/fr\/","name":"Rosas Inmobiliarias - Venta y alquiler de apartamentos y casas en Roses, Girona","description":"Agencia inmobiliaria especialistas en ventas y alquileres de temporada en Roses, Girona, Costa Brava.","publisher":{"@id":"https:\/\/rosasinmobiliarias.com\/fr\/#organization"},"potentialAction":[{"@type":"SearchAction","target":{"@type":"EntryPoint","urlTemplate":"https:\/\/rosasinmobiliarias.com\/fr\/?s={search_term_string}"},"query-input":{"@type":"PropertyValueSpecification","valueRequired":true,"valueName":"search_term_string"}}],"inLanguage":"fr-FR"},{"@type":"Organization","@id":"https:\/\/rosasinmobiliarias.com\/fr\/#organization","name":"Inmo Holiday Roses Sl","url":"https:\/\/rosasinmobiliarias.com\/fr\/","logo":{"@type":"ImageObject","inLanguage":"fr-FR","@id":"https:\/\/rosasinmobiliarias.com\/fr\/#\/schema\/logo\/image\/","url":"https:\/\/rosasinmobiliarias.com\/wp-content\/uploads\/2024\/05\/logo.png","contentUrl":"https:\/\/rosasinmobiliarias.com\/wp-content\/uploads\/2024\/05\/logo.png","width":400,"height":101,"caption":"Inmo Holiday Roses Sl"},"image":{"@id":"https:\/\/rosasinmobiliarias.com\/fr\/#\/schema\/logo\/image\/"}}]}},"_links":{"self":[{"href":"https:\/\/rosasinmobiliarias.com\/fr\/wp-json\/wp\/v2\/pages\/10231","targetHints":{"allow":["GET"]}}],"collection":[{"href":"https:\/\/rosasinmobiliarias.com\/fr\/wp-json\/wp\/v2\/pages"}],"about":[{"href":"https:\/\/rosasinmobiliarias.com\/fr\/wp-json\/wp\/v2\/types\/page"}],"author":[{"embeddable":true,"href":"https:\/\/rosasinmobiliarias.com\/fr\/wp-json\/wp\/v2\/users\/1"}],"replies":[{"embeddable":true,"href":"https:\/\/rosasinmobiliarias.com\/fr\/wp-json\/wp\/v2\/comments?post=10231"}],"version-history":[{"count":0,"href":"https:\/\/rosasinmobiliarias.com\/fr\/wp-json\/wp\/v2\/pages\/10231\/revisions"}],"wp:attachment":[{"href":"https:\/\/rosasinmobiliarias.com\/fr\/wp-json\/wp\/v2\/media?parent=10231"}],"curies":[{"name":"wp","href":"https:\/\/api.w.org\/{rel}","templated":true}]}}